{"id":395,"date":"2020-03-21T17:44:35","date_gmt":"2020-03-21T17:44:35","guid":{"rendered":"http:\/\/przedszkole.zspchechlo.pl\/?page_id=395"},"modified":"2025-09-19T09:03:09","modified_gmt":"2025-09-19T09:03:09","slug":"nasze-grupy","status":"publish","type":"page","link":"https:\/\/przedszkole.zspchechlo.pl\/?page_id=395","title":{"rendered":"Nasze grupy"},"content":{"rendered":"\n<p class=\"has-text-align-center\"><\/p>\n\n\n\n<p>CZYTAJMY DZIECIOM CO DZIE\u0143. NAJLEPIEJ PRZED SNEM LUB WYBIERZCIE DLA SIEBIE DOGODN\u0104 CHWIL\u0118. ZR\u00d3BCIE Z CZYTANIA&nbsp; CODZIENNY RYTUA\u0141. OPOWIADAJCIE RAZEM ILUSTRACJE, ZADAWAJCIE PYTANIA DO TRE\u015aCI. <br>ZOBACZCIE JAKIE ZALETY MA CZYTANIE DZIECIOM:<\/p>\n\n\n\n<figure class=\"wp-block-image\"><img loading=\"lazy\" decoding=\"async\" width=\"569\" height=\"800\" src=\"https:\/\/przedszkole.zspchechlo.pl\/wp-content\/uploads\/2020\/05\/obraz-4.png\" alt=\"\" class=\"wp-image-526\" srcset=\"https:\/\/przedszkole.zspchechlo.pl\/wp-content\/uploads\/2020\/05\/obraz-4.png 569w, https:\/\/przedszkole.zspchechlo.pl\/wp-content\/uploads\/2020\/05\/obraz-4-213x300.png 213w\" sizes=\"(max-width: 569px) 100vw, 569px\" \/><\/figure>\n\n\n\n<figure class=\"wp-block-table\"><table><tbody><tr><td>   &nbsp;   <\/td><\/tr><\/tbody><\/table><\/figure>\n\n\n\n<p><\/p>\n\n\n\n<p><br><strong><br><\/strong><\/p>\n\n\n\n<p><\/p>\n\n\n\n<figure class=\"wp-block-image\"><img loading=\"lazy\" decoding=\"async\" width=\"452\" height=\"412\" src=\"https:\/\/przedszkole.zspchechlo.pl\/wp-content\/uploads\/2020\/05\/obraz.png\" alt=\"\" class=\"wp-image-476\" srcset=\"https:\/\/przedszkole.zspchechlo.pl\/wp-content\/uploads\/2020\/05\/obraz.png 452w, https:\/\/przedszkole.zspchechlo.pl\/wp-content\/uploads\/2020\/05\/obraz-300x273.png 300w\" sizes=\"(max-width: 452px) 100vw, 452px\" \/><\/figure>\n\n\n\n\n\n<p class=\"has-text-align-center\"><\/p>\n\n\n\n<p><\/p>\n\n\n\n<figure class=\"wp-block-table\"><table><tbody><tr><td><\/td><\/tr><\/tbody><\/table><\/figure>\n\n\n\n<p><\/p>\n\n\n\n<p><\/p>\n\n\n\n<p><\/p>\n\n\n\n<p><\/p>\n\n\n\n<p class=\"has-text-align-left\"><strong>Nauka jest fajna<\/strong> &#8211; to kana\u0142 edukacyjny z eksperymentami dla dzieci. Znajdziecie tam pomys\u0142y na domowe do\u015bwiadczenia i dowiecie si\u0119 jak wykona\u0107 je krok po kroku, korzystaj\u0105c z przedmiot\u00f3w i substancji codziennego u\u017cytku.<\/p>\n\n\n\n<figure class=\"wp-block-embed is-type-video is-provider-youtube wp-block-embed-youtube wp-embed-aspect-16-9 wp-has-aspect-ratio\"><div class=\"wp-block-embed__wrapper\">\n<iframe loading=\"lazy\" title=\"Nauka Jest Fajna! | Poznajmy si\u0119 :)\" width=\"683\" height=\"384\" src=\"https:\/\/www.youtube.com\/embed\/JUz19pYfm0g?feature=oembed\" frameborder=\"0\" allow=\"accelerometer; autoplay; clipboard-write; encrypted-media; gyroscope; picture-in-picture; web-share\" allowfullscreen><\/iframe>\n<\/div><\/figure>\n","protected":false},"excerpt":{"rendered":"<p>CZYTAJMY DZIECIOM CO DZIE\u0143. NAJLEPIEJ PRZED SNEM LUB WYBIERZCIE DLA SIEBIE DOGODN\u0104 CHWIL\u0118. ZR\u00d3BCIE Z CZYTANIA&nbsp; CODZIENNY RYTUA\u0141. OPOWIADAJCIE RAZEM ILUSTRACJE, ZADAWAJCIE PYTANIA DO TRE\u015aCI. ZOBACZCIE JAKIE ZALETY MA CZYTANIE DZIECIOM: &nbsp; Nauka jest fajna &#8211; to kana\u0142 edukacyjny z eksperymentami dla dzieci. Znajdziecie tam pomys\u0142y na domowe do\u015bwiadczenia i dowiecie si\u0119 jak wykona\u0107 je [&hellip;]<\/p>\n","protected":false},"author":2,"featured_media":0,"parent":0,"menu_order":0,"comment_status":"closed","ping_status":"closed","template":"","meta":{"footnotes":""},"class_list":["post-395","page","type-page","status-publish","hentry"],"_links":{"self":[{"href":"https:\/\/przedszkole.zspchechlo.pl\/index.php?rest_route=\/wp\/v2\/pages\/395"}],"collection":[{"href":"https:\/\/przedszkole.zspchechlo.pl\/index.php?rest_route=\/wp\/v2\/pages"}],"about":[{"href":"https:\/\/przedszkole.zspchechlo.pl\/index.php?rest_route=\/wp\/v2\/types\/page"}],"author":[{"embeddable":true,"href":"https:\/\/przedszkole.zspchechlo.pl\/index.php?rest_route=\/wp\/v2\/users\/2"}],"replies":[{"embeddable":true,"href":"https:\/\/przedszkole.zspchechlo.pl\/index.php?rest_route=%2Fwp%2Fv2%2Fcomments&post=395"}],"version-history":[{"count":70,"href":"https:\/\/przedszkole.zspchechlo.pl\/index.php?rest_route=\/wp\/v2\/pages\/395\/revisions"}],"predecessor-version":[{"id":4542,"href":"https:\/\/przedszkole.zspchechlo.pl\/index.php?rest_route=\/wp\/v2\/pages\/395\/revisions\/4542"}],"wp:attachment":[{"href":"https:\/\/przedszkole.zspchechlo.pl\/index.php?rest_route=%2Fwp%2Fv2%2Fmedia&parent=395"}],"curies":[{"name":"wp","href":"https:\/\/api.w.org\/{rel}","templated":true}]}}