{"id":499,"date":"2020-05-18T12:32:16","date_gmt":"2020-05-18T12:32:16","guid":{"rendered":"http:\/\/przedszkole.zspchechlo.pl\/?page_id=499"},"modified":"2022-01-19T05:26:26","modified_gmt":"2022-01-19T05:26:26","slug":"informacje-covid-19","status":"publish","type":"page","link":"https:\/\/przedszkole.zspchechlo.pl\/?page_id=499","title":{"rendered":"COVID-19 INFORMACJE"},"content":{"rendered":"\n<p>INFORMACJA O ZASADACH FUNKCJONOWANIA PRZEDSZKOLA <br>\nW CZASIE PANDEMII<\/p>\n\n\n\n<p style=\"text-align:left\"><\/p>\n\n\n\n<div class=\"wp-block-file\"><a href=\"https:\/\/przedszkole.zspchechlo.pl\/wp-content\/uploads\/2021\/12\/PROCEDURA-BEZPIECZE\u0143STWA-NA-TERENIE-PLAC\u00d3WKI-dla-rodzic\u00f3w-skonwertowany-1.pdf\">PROCEDURA BEZPIECZE\u0143STWA NA TERENIE PLAC\u00d3WKI <\/a><a href=\"https:\/\/przedszkole.zspchechlo.pl\/wp-content\/uploads\/2021\/12\/PROCEDURA-BEZPIECZE\u0143STWA-NA-TERENIE-PLAC\u00d3WKI-dla-rodzic\u00f3w-skonwertowany-1.pdf\" class=\"wp-block-file__button\" download>Pobierz<\/a><\/div>\n\n\n","protected":false},"excerpt":{"rendered":"<p>INFORMACJA O ZASADACH FUNKCJONOWANIA PRZEDSZKOLA W CZASIE PANDEMII<\/p>\n","protected":false},"author":2,"featured_media":0,"parent":0,"menu_order":0,"comment_status":"closed","ping_status":"closed","template":"","meta":{"footnotes":""},"class_list":["post-499","page","type-page","status-publish","hentry"],"_links":{"self":[{"href":"https:\/\/przedszkole.zspchechlo.pl\/index.php?rest_route=\/wp\/v2\/pages\/499"}],"collection":[{"href":"https:\/\/przedszkole.zspchechlo.pl\/index.php?rest_route=\/wp\/v2\/pages"}],"about":[{"href":"https:\/\/przedszkole.zspchechlo.pl\/index.php?rest_route=\/wp\/v2\/types\/page"}],"author":[{"embeddable":true,"href":"https:\/\/przedszkole.zspchechlo.pl\/index.php?rest_route=\/wp\/v2\/users\/2"}],"replies":[{"embeddable":true,"href":"https:\/\/przedszkole.zspchechlo.pl\/index.php?rest_route=%2Fwp%2Fv2%2Fcomments&post=499"}],"version-history":[{"count":18,"href":"https:\/\/przedszkole.zspchechlo.pl\/index.php?rest_route=\/wp\/v2\/pages\/499\/revisions"}],"predecessor-version":[{"id":1547,"href":"https:\/\/przedszkole.zspchechlo.pl\/index.php?rest_route=\/wp\/v2\/pages\/499\/revisions\/1547"}],"wp:attachment":[{"href":"https:\/\/przedszkole.zspchechlo.pl\/index.php?rest_route=%2Fwp%2Fv2%2Fmedia&parent=499"}],"curies":[{"name":"wp","href":"https:\/\/api.w.org\/{rel}","templated":true}]}}