{"id":50,"date":"2019-02-27T14:33:42","date_gmt":"2019-02-27T14:33:42","guid":{"rendered":"http:\/\/przedszkole.zspchechlo.pl\/?page_id=50"},"modified":"2026-03-02T20:46:51","modified_gmt":"2026-03-02T20:46:51","slug":"rekrutacja-2019-2020","status":"publish","type":"page","link":"https:\/\/przedszkole.zspchechlo.pl\/?page_id=50","title":{"rendered":"Rekrutacja 2026\/2027"},"content":{"rendered":"\n\n\n<p>1. DEKLARACJA KONTYNUOWANIA WYCHOWANIA PRZEDSZKOLNEGO<br>W plikach do pobrania (poni\u017cej) przedstawiamy deklaracj\u0119 o kontynuowaniu wychowania przedszkolnego w Przedszkolu &nbsp;w Chechle na rok szkolny 2026\/2027 oraz upowa\u017cnienie do deklaracji, kt\u00f3re nale\u017cy z\u0142o\u017cy\u0107 <strong>w terminie od 26 stycznia 2026 roku do 28 lutego 2026 roku.<\/strong><\/p>\n\n\n\n<p><br><\/p>\n\n\n\n<div data-wp-interactive=\"core\/file\" class=\"wp-block-file\"><object data-wp-bind--hidden=\"!state.hasPdfPreview\"  class=\"wp-block-file__embed\" data=\"https:\/\/przedszkole.zspchechlo.pl\/wp-content\/uploads\/2026\/01\/deklaracja-kontynuacji-na-rok-szkolny-2026-2027-pdf.pdf\" type=\"application\/pdf\" style=\"width:100%;height:600px\" aria-label=\"Osadzone z deklaracja kontynuacji na rok szkolny 2026-2027 pdf.\"><\/object><a id=\"wp-block-file--media-4c822462-c3d2-4571-8177-9bf60bf0667e\" href=\"https:\/\/przedszkole.zspchechlo.pl\/wp-content\/uploads\/2026\/01\/deklaracja-kontynuacji-na-rok-szkolny-2026-2027-pdf.pdf\">deklaracja kontynuacji na rok szkolny 2026-2027 pdf<\/a><a href=\"https:\/\/przedszkole.zspchechlo.pl\/wp-content\/uploads\/2026\/01\/deklaracja-kontynuacji-na-rok-szkolny-2026-2027-pdf.pdf\" class=\"wp-block-file__button wp-element-button\" download aria-describedby=\"wp-block-file--media-4c822462-c3d2-4571-8177-9bf60bf0667e\">Pobierz<\/a><\/div>\n\n\n\n<div data-wp-interactive=\"core\/file\" class=\"wp-block-file\"><object data-wp-bind--hidden=\"!state.hasPdfPreview\"  class=\"wp-block-file__embed\" data=\"https:\/\/przedszkole.zspchechlo.pl\/wp-content\/uploads\/2026\/01\/zarzadzenie-wojta.pdf\" type=\"application\/pdf\" style=\"width:100%;height:600px\" aria-label=\"Osadzone z zarz\u0105dzenie w\u00f3jta.\"><\/object><a id=\"wp-block-file--media-913f13f4-bec9-4bfc-a261-75c686203590\" href=\"https:\/\/przedszkole.zspchechlo.pl\/wp-content\/uploads\/2026\/01\/zarzadzenie-wojta.pdf\">zarz\u0105dzenie w\u00f3jta<\/a><a href=\"https:\/\/przedszkole.zspchechlo.pl\/wp-content\/uploads\/2026\/01\/zarzadzenie-wojta.pdf\" class=\"wp-block-file__button wp-element-button\" download aria-describedby=\"wp-block-file--media-913f13f4-bec9-4bfc-a261-75c686203590\">Pobierz<\/a><\/div>\n\n\n\n<div data-wp-interactive=\"core\/file\" class=\"wp-block-file\"><object data-wp-bind--hidden=\"!state.hasPdfPreview\"  class=\"wp-block-file__embed\" data=\"https:\/\/przedszkole.zspchechlo.pl\/wp-content\/uploads\/2026\/01\/terminy-postepowania-rekrutacyjnego-do-przedszkoli.pdf\" type=\"application\/pdf\" style=\"width:100%;height:600px\" aria-label=\"Osadzone z terminy postepowania rekrutacyjnego do przedszkoli.\"><\/object><a id=\"wp-block-file--media-ebbc1c47-0c9e-44bd-865b-d307ffc4994b\" href=\"https:\/\/przedszkole.zspchechlo.pl\/wp-content\/uploads\/2026\/01\/terminy-postepowania-rekrutacyjnego-do-przedszkoli.pdf\">terminy postepowania rekrutacyjnego do przedszkoli<\/a><a href=\"https:\/\/przedszkole.zspchechlo.pl\/wp-content\/uploads\/2026\/01\/terminy-postepowania-rekrutacyjnego-do-przedszkoli.pdf\" class=\"wp-block-file__button wp-element-button\" download aria-describedby=\"wp-block-file--media-ebbc1c47-0c9e-44bd-865b-d307ffc4994b\">Pobierz<\/a><\/div>\n\n\n\n<div data-wp-interactive=\"core\/file\" class=\"wp-block-file\"><object data-wp-bind--hidden=\"!state.hasPdfPreview\"  class=\"wp-block-file__embed\" data=\"https:\/\/przedszkole.zspchechlo.pl\/wp-content\/uploads\/2026\/01\/terminy-postepowania-rekrutacyjnego-do-kl-I-1.pdf\" type=\"application\/pdf\" style=\"width:100%;height:600px\" aria-label=\"Osadzone z terminy postepowania rekrutacyjnego do kl I.\"><\/object><a id=\"wp-block-file--media-f2ef9923-eb7d-4845-b35d-e552c7058c45\" href=\"https:\/\/przedszkole.zspchechlo.pl\/wp-content\/uploads\/2026\/01\/terminy-postepowania-rekrutacyjnego-do-kl-I-1.pdf\">terminy postepowania rekrutacyjnego do kl I<\/a><a href=\"https:\/\/przedszkole.zspchechlo.pl\/wp-content\/uploads\/2026\/01\/terminy-postepowania-rekrutacyjnego-do-kl-I-1.pdf\" class=\"wp-block-file__button wp-element-button\" download aria-describedby=\"wp-block-file--media-f2ef9923-eb7d-4845-b35d-e552c7058c45\">Pobierz<\/a><\/div>\n\n\n\n<p><\/p>\n\n\n\n<p><\/p>\n\n\n\n<p>2. WNIOSEK O PRZYJ\u0118CIE DZIECKA DO PRZEDSZKOLA<\/p>\n\n\n\n<p>W plikach do pobrania (poni\u017cej) przedstawiamy Wniosek o przyj\u0119cie dziecka do Przedszkola w Chechle na rok szkolny 2026\/2027 oraz upowa\u017cnienie do Wniosku, kt\u00f3re nale\u017cy z\u0142o\u017cy\u0107 w terminie od 1 marca 2026 roku do 31 marca 2026 roku. <br><\/p>\n\n\n\n<div data-wp-interactive=\"core\/file\" class=\"wp-block-file\"><object data-wp-bind--hidden=\"!state.hasPdfPreview\"  class=\"wp-block-file__embed\" data=\"https:\/\/przedszkole.zspchechlo.pl\/wp-content\/uploads\/2026\/03\/wniosek-2026-pdf.pdf\" type=\"application\/pdf\" style=\"width:100%;height:600px\" aria-label=\"Osadzone z wniosek 2026 pdf.\"><\/object><a id=\"wp-block-file--media-f5bf7517-8dbf-474b-b1fc-099a10ac6e47\" href=\"https:\/\/przedszkole.zspchechlo.pl\/wp-content\/uploads\/2026\/03\/wniosek-2026-pdf.pdf\">wniosek 2026 pdf<\/a><a href=\"https:\/\/przedszkole.zspchechlo.pl\/wp-content\/uploads\/2026\/03\/wniosek-2026-pdf.pdf\" class=\"wp-block-file__button wp-element-button\" download aria-describedby=\"wp-block-file--media-f5bf7517-8dbf-474b-b1fc-099a10ac6e47\">Pobierz<\/a><\/div>\n\n\n\n<div data-wp-interactive=\"core\/file\" class=\"wp-block-file\"><object data-wp-bind--hidden=\"!state.hasPdfPreview\"  class=\"wp-block-file__embed\" data=\"https:\/\/przedszkole.zspchechlo.pl\/wp-content\/uploads\/2026\/03\/upowaznienie-do-wniosku-2026.pdf\" type=\"application\/pdf\" style=\"width:100%;height:600px\" aria-label=\"Osadzone z upowa\u017cnienie do wniosku 2026.\"><\/object><a id=\"wp-block-file--media-11a6ed08-83ce-4213-929a-b00406cd23c1\" href=\"https:\/\/przedszkole.zspchechlo.pl\/wp-content\/uploads\/2026\/03\/upowaznienie-do-wniosku-2026.pdf\">upowa\u017cnienie do wniosku 2026<\/a><a href=\"https:\/\/przedszkole.zspchechlo.pl\/wp-content\/uploads\/2026\/03\/upowaznienie-do-wniosku-2026.pdf\" class=\"wp-block-file__button wp-element-button\" download aria-describedby=\"wp-block-file--media-11a6ed08-83ce-4213-929a-b00406cd23c1\">Pobierz<\/a><\/div>\n\n\n\n<div class=\"wp-block-file\"><a id=\"wp-block-file--media-eb7332ae-1159-4824-9924-89908409d1ac\" href=\"https:\/\/przedszkole.zspchechlo.pl\/wp-content\/uploads\/2025\/03\/Zgoda-RODO-rekrutacja-Przedszkole-2025.2026.doc\">Zgoda RODO rekrutacja Przedszkole 2026.2027<\/a><a href=\"https:\/\/przedszkole.zspchechlo.pl\/wp-content\/uploads\/2025\/03\/Zgoda-RODO-rekrutacja-Przedszkole-2025.2026.doc\" class=\"wp-block-file__button wp-element-button\" download aria-describedby=\"wp-block-file--media-eb7332ae-1159-4824-9924-89908409d1ac\">Pobierz<\/a><\/div>\n\n\n\n<div class=\"wp-block-file\"><a href=\"https:\/\/przedszkole.zspchechlo.pl\/wp-content\/uploads\/2023\/01\/Uchwa\u0142a-kryteria-SP-1.pdf\">Uchwa\u0142a kryteria SP<\/a><a href=\"https:\/\/przedszkole.zspchechlo.pl\/wp-content\/uploads\/2023\/01\/Uchwa\u0142a-kryteria-SP-1.pdf\" class=\"wp-block-file__button wp-element-button\" download>Pobierz<\/a><\/div>\n\n\n\n<p>4. Deklaracja potwierdzenia woli wyboru przedszkola<\/p>\n\n\n\n<div class=\"wp-block-file\"><a href=\"https:\/\/przedszkole.zspchechlo.pl\/wp-content\/uploads\/2024\/01\/deklaracja-potwierdzenia-woli-zapisu-dziecka-2024-2025.pdf\">deklaracja-potwierdzenia-woli-zapisu-dziecka-2026-2027<\/a><a href=\"https:\/\/przedszkole.zspchechlo.pl\/wp-content\/uploads\/2024\/01\/deklaracja-potwierdzenia-woli-zapisu-dziecka-2024-2025.pdf\" class=\"wp-block-file__button wp-element-button\" download>Pobierz<\/a><\/div>\n\n\n\n<p><\/p>\n\n\n\n<p><\/p>\n","protected":false},"excerpt":{"rendered":"<p>1. DEKLARACJA KONTYNUOWANIA WYCHOWANIA PRZEDSZKOLNEGOW plikach do pobrania (poni\u017cej) przedstawiamy deklaracj\u0119 o kontynuowaniu wychowania przedszkolnego w Przedszkolu &nbsp;w Chechle na rok szkolny 2026\/2027 oraz upowa\u017cnienie do deklaracji, kt\u00f3re nale\u017cy z\u0142o\u017cy\u0107 w terminie od 26 stycznia 2026 roku do 28 lutego 2026 roku. 2. WNIOSEK O PRZYJ\u0118CIE DZIECKA DO PRZEDSZKOLA W plikach do pobrania (poni\u017cej) przedstawiamy [&hellip;]<\/p>\n","protected":false},"author":1,"featured_media":0,"parent":0,"menu_order":0,"comment_status":"closed","ping_status":"closed","template":"","meta":{"footnotes":""},"class_list":["post-50","page","type-page","status-publish","hentry"],"_links":{"self":[{"href":"https:\/\/przedszkole.zspchechlo.pl\/index.php?rest_route=\/wp\/v2\/pages\/50"}],"collection":[{"href":"https:\/\/przedszkole.zspchechlo.pl\/index.php?rest_route=\/wp\/v2\/pages"}],"about":[{"href":"https:\/\/przedszkole.zspchechlo.pl\/index.php?rest_route=\/wp\/v2\/types\/page"}],"author":[{"embeddable":true,"href":"https:\/\/przedszkole.zspchechlo.pl\/index.php?rest_route=\/wp\/v2\/users\/1"}],"replies":[{"embeddable":true,"href":"https:\/\/przedszkole.zspchechlo.pl\/index.php?rest_route=%2Fwp%2Fv2%2Fcomments&post=50"}],"version-history":[{"count":52,"href":"https:\/\/przedszkole.zspchechlo.pl\/index.php?rest_route=\/wp\/v2\/pages\/50\/revisions"}],"predecessor-version":[{"id":4755,"href":"https:\/\/przedszkole.zspchechlo.pl\/index.php?rest_route=\/wp\/v2\/pages\/50\/revisions\/4755"}],"wp:attachment":[{"href":"https:\/\/przedszkole.zspchechlo.pl\/index.php?rest_route=%2Fwp%2Fv2%2Fmedia&parent=50"}],"curies":[{"name":"wp","href":"https:\/\/api.w.org\/{rel}","templated":true}]}}