{"id":7,"date":"2019-02-19T13:38:03","date_gmt":"2019-02-19T13:38:03","guid":{"rendered":"http:\/\/przedszkole.zspchechlo.pl\/?page_id=7"},"modified":"2025-09-19T09:00:33","modified_gmt":"2025-09-19T09:00:33","slug":"o-nas","status":"publish","type":"page","link":"https:\/\/przedszkole.zspchechlo.pl\/?page_id=7","title":{"rendered":"O nas"},"content":{"rendered":"\n<p><strong>RADA RODZIC\u00d3W<\/strong><\/p>\n\n\n\n<p>STARSZAKI: Jaworska Marta, Musielak Monika, Januszek Paulina<\/p>\n\n\n\n<p>\u015aREDNIAKI: Pytka Magdalena, \u015awieboda Agnieszka, G\u00f3recka Marzena <\/p>\n\n\n\n<p><\/p>\n\n\n\n<p>Przewodnicz\u0105ca Rady Rodzic\u00f3w: Pytka Magdalena<\/p>\n\n\n\n<p>Zast\u0119pca przewodnicz\u0105cej Rady Rodzic\u00f3w: \u015awieboda Agnieszka<\/p>\n\n\n\n<p>Skarbnik: Januszek Paulina<\/p>\n\n\n\n<p><\/p>\n\n\n\n<p><\/p>\n\n\n\n<p><strong>DRODZY<\/strong>&nbsp;<strong>RODZICE<\/strong><\/p>\n\n\n\n<p>Wyb\u00f3r dobrego przedszkola jest wa\u017cn\u0105 decyzj\u0105 jak\u0105 podejmujecie.W\u0142a\u015bnie znale\u017ali\u015bcie dla swojego wyj\u0105tkowego dziecka niezwyk\u0142e miejsce !<\/p>\n\n\n\n<p>Tu w przyjaznej atmosferze w\u015br\u00f3d wykwalifikowanych nauczycieli Wasze dziecko b\u0119dzie czu\u0142o si\u0119 szcz\u0119\u015bliwe i bezpieczne. B\u0119dzie mie\u0107 mo\u017cliwo\u015b\u0107 radosnego i tw\u00f3rczego odkrywania otaczaj\u0105cego \u015bwiata poprzez zaplanowany proces nauczania i wychowania. Nasze przedszkole to miejsce pe\u0142ne magii, ciep\u0142a i rado\u015bci, w kt\u00f3rym ka\u017cdy maluch odnajdzie zar\u00f3wno przyja\u017a\u0144 jak i rado\u015b\u0107 z odkrywania otaczaj\u0105cego do \u015bwiata. Poprzez zabaw\u0119, wsp\u00f3ln\u0105 nauk\u0119 pobudzamy rozw\u00f3j dzieci w ka\u017cdym mo\u017cliwym zakresie. Staramy si\u0119 aby ka\u017cde dziecko czu\u0142o si\u0119 u nas jak w domu.<\/p>\n\n\n\n<p><strong>Serdecznie zapraszamy do wsp\u00f3lnej przygody z nauk\u0105 i zabaw\u0105.<\/strong><\/p>\n\n\n\n<p><strong>Nasze przedszkole:<\/strong><\/p>\n\n\n\n<p>&#8211; przygotowuje dzieci do nauki w szkole,<\/p>\n\n\n\n<p>&#8211; kontynuuje wychowanie rodzinne zapewnia mi\u0142\u0105, bezpieczn\u0105 atmosfer\u0119 do zabawy i nauki,<\/p>\n\n\n\n<p>&#8211; wspiera dzia\u0142ania w r\u00f3\u017cnych dziedzinach aktywno\u015bci,<\/p>\n\n\n\n<p>&#8211; integruje wszystkie dzieci,<\/p>\n\n\n\n<p>&#8211; stara si\u0119 stwarza\u0107 dzieciom szcz\u0119\u015bliwe dzieci\u0144stwo<\/p>\n\n\n\n<p>Przedszkole czynne jest od poniedzia\u0142ku do pi\u0105tku w godzinach 7:00-16:00.<\/p>\n\n\n\n<p>Posiada dobre warunki lokalowe &#8211; 2 przestronne sale zabaw, du\u017cy hol i szatnie.<\/p>\n\n\n\n<p>Sale bogato wyposa\u017cone s\u0105 w pomoce dydaktyczne, zabawki, sprz\u0119t i meble dostosowane do wzrostu dzieci.<\/p>\n\n\n\n<p>Zorganizowane w ka\u017cdej sali k\u0105ciki zainteresowa\u0144 sprzyjaj\u0105 wyzwalaniu wielokierunkowej aktywno\u015bci dzieci.<\/p>\n\n\n\n<p>Zamiast le\u017cakowania dzieciom proponujemy nast\u0119puj\u0105ce formy odpoczynku:<\/p>\n\n\n\n<p>&#8211; treningi relaksacyjne,<\/p>\n\n\n\n<p>&#8211; zaj\u0119cia wyciszaj\u0105ce,<\/p>\n\n\n\n<p>&#8211; s\u0142uchanie muzyki i bajek.<\/p>\n","protected":false},"excerpt":{"rendered":"<p>RADA RODZIC\u00d3W STARSZAKI: Jaworska Marta, Musielak Monika, Januszek Paulina \u015aREDNIAKI: Pytka Magdalena, \u015awieboda Agnieszka, G\u00f3recka Marzena Przewodnicz\u0105ca Rady Rodzic\u00f3w: Pytka Magdalena Zast\u0119pca przewodnicz\u0105cej Rady Rodzic\u00f3w: \u015awieboda Agnieszka Skarbnik: Januszek Paulina DRODZY&nbsp;RODZICE Wyb\u00f3r dobrego przedszkola jest wa\u017cn\u0105 decyzj\u0105 jak\u0105 podejmujecie.W\u0142a\u015bnie znale\u017ali\u015bcie dla swojego wyj\u0105tkowego dziecka niezwyk\u0142e miejsce ! Tu w przyjaznej atmosferze w\u015br\u00f3d wykwalifikowanych nauczycieli Wasze [&hellip;]<\/p>\n","protected":false},"author":1,"featured_media":0,"parent":0,"menu_order":0,"comment_status":"closed","ping_status":"closed","template":"","meta":{"footnotes":""},"class_list":["post-7","page","type-page","status-publish","hentry"],"_links":{"self":[{"href":"https:\/\/przedszkole.zspchechlo.pl\/index.php?rest_route=\/wp\/v2\/pages\/7"}],"collection":[{"href":"https:\/\/przedszkole.zspchechlo.pl\/index.php?rest_route=\/wp\/v2\/pages"}],"about":[{"href":"https:\/\/przedszkole.zspchechlo.pl\/index.php?rest_route=\/wp\/v2\/types\/page"}],"author":[{"embeddable":true,"href":"https:\/\/przedszkole.zspchechlo.pl\/index.php?rest_route=\/wp\/v2\/users\/1"}],"replies":[{"embeddable":true,"href":"https:\/\/przedszkole.zspchechlo.pl\/index.php?rest_route=%2Fwp%2Fv2%2Fcomments&post=7"}],"version-history":[{"count":10,"href":"https:\/\/przedszkole.zspchechlo.pl\/index.php?rest_route=\/wp\/v2\/pages\/7\/revisions"}],"predecessor-version":[{"id":4541,"href":"https:\/\/przedszkole.zspchechlo.pl\/index.php?rest_route=\/wp\/v2\/pages\/7\/revisions\/4541"}],"wp:attachment":[{"href":"https:\/\/przedszkole.zspchechlo.pl\/index.php?rest_route=%2Fwp%2Fv2%2Fmedia&parent=7"}],"curies":[{"name":"wp","href":"https:\/\/api.w.org\/{rel}","templated":true}]}}