{"id":713,"date":"2020-11-04T20:37:36","date_gmt":"2020-11-04T20:37:36","guid":{"rendered":"http:\/\/przedszkole.zspchechlo.pl\/?page_id=713"},"modified":"2024-06-13T20:07:48","modified_gmt":"2024-06-13T20:07:48","slug":"starszaki-tropiciele","status":"publish","type":"page","link":"https:\/\/przedszkole.zspchechlo.pl\/?page_id=713","title":{"rendered":"STARSZAKI &#8211; S\u00d3WKI"},"content":{"rendered":"\n<p>CZERWIEC<\/p>\n\n\n\n<p>PIOSENKA: M\u00d3J KOLEGO Z PRZEDSZKOLA<\/p>\n\n\n\n<ol class=\"wp-block-list\"><li>M\u00f3j kolego z przedszkola mamy po siedem lat <br> Tak, tak, tak<br> \u015amieje si\u0119 do nas \u015bwiat<br> Tak, tak, tak <br> Szko\u0142a wo\u0142a,<br> M\u00f3j kolego z przedszkola mi\u0142o by\u0142o Ci\u0119 zna\u0107, <br> Tak, tak, tak, <br> Ale \u017cegna\u0107 si\u0119 czas tak, tak, tak,<br> Szko\u0142a wo\u0142a.<br> <br> Ref.: W przedszkolu by\u0142o super,<br> na sto dwadzie\u015bcia dwa,<br> powt\u00f3rzy\u0107 chcia\u0142bym tamte dni<br> jeszcze jeden raz <br> <br> 2. Kole\u017canko z warkoczem to ju\u017c ostatni raz<br> Tak, tak, tak <br> Mo\u017ce spotkamy si\u0119 tak, tak, tak, <br> mo\u017ce nie, <br> Kole\u017canko z warkoczem, smutno troch\u0119 mi jest<br> Tak, tak, tak, <br> \u017be nie zobacz\u0119 Ci\u0119, tak tak, tak, <br> Tak, jak co dzie\u0144.<\/li><li><\/li><\/ol>\n\n\n\n<figure class=\"wp-block-embed-youtube wp-block-embed is-type-video is-provider-youtube wp-embed-aspect-16-9 wp-has-aspect-ratio\"><div class=\"wp-block-embed__wrapper\">\n<iframe loading=\"lazy\" title=\"10 moj kolego z przedzkola pod\" width=\"683\" height=\"384\" src=\"https:\/\/www.youtube.com\/embed\/R7QC1UVmBQo?feature=oembed\" frameborder=\"0\" allow=\"accelerometer; autoplay; clipboard-write; encrypted-media; gyroscope; picture-in-picture; web-share\" referrerpolicy=\"strict-origin-when-cross-origin\" allowfullscreen><\/iframe>\n<\/div><\/figure>\n\n\n\n<p>PIOSENKA: DZIE\u0143 DZIECKA<\/p>\n\n\n\n<figure class=\"wp-block-embed-youtube wp-block-embed is-type-video is-provider-youtube wp-embed-aspect-16-9 wp-has-aspect-ratio\"><div class=\"wp-block-embed__wrapper\">\n<iframe loading=\"lazy\" title=\"Ma\u0142e TGD - Dzie\u0144 Dziecka\" width=\"683\" height=\"384\" src=\"https:\/\/www.youtube.com\/embed\/0IgEMFTTt_8?feature=oembed\" frameborder=\"0\" allow=\"accelerometer; autoplay; clipboard-write; encrypted-media; gyroscope; picture-in-picture; web-share\" referrerpolicy=\"strict-origin-when-cross-origin\" allowfullscreen><\/iframe>\n<\/div><\/figure>\n\n\n\n<p>KWIECIE\u0143<\/p>\n\n\n\n<p>1. Dooko\u0142a S\u0142o\u0144ca<\/p>\n\n\n\n<p>Planety biegaj\u0105.<\/p>\n\n\n\n<p>Kr\u0119c\u0105c si\u0119 weso\u0142o,<\/p>\n\n\n\n<p>Ci\u0105gle si\u0119 \u015bcigaj\u0105.<\/p>\n\n\n\n<p>Ref. Merkury, Wenus, Ziemia,\nMars,<\/p>\n\n\n\n<p>Po swoich orbitach biegaj\u0105 na\nczas.<\/p>\n\n\n\n<p>Jowisz, Saturn, Uran chc\u0105\nwyprzedzi\u0107 je,<\/p>\n\n\n\n<p>Neptun cho\u0107 na ko\u0144cu, tak\u017ce \u015bciga\nsi\u0119. (2x)<\/p>\n\n\n\n<p>2. Kt\u00f3ra z planet pierwsza,<\/p>\n\n\n\n<p>Dobiegnie do mety,<\/p>\n\n\n\n<p>Tego nikt powiedzie\u0107,<\/p>\n\n\n\n<p>Nie mo\u017ce niestety.<\/p>\n\n\n\n<p>Ref. Merkury, Wenus, Ziemia,\nMars,<\/p>\n\n\n\n<p>Po swoich orbitach biegaj\u0105 na\nczas.<\/p>\n\n\n\n<p>Jowisz, Saturn, Uran chc\u0105\nwyprzedzi\u0107 je,<\/p>\n\n\n\n<p>Neptun cho\u0107 na ko\u0144cu, tak\u017ce \u015bciga\nsi\u0119. (2x)<\/p>\n\n\n\n<figure class=\"wp-block-embed-youtube wp-block-embed is-type-video is-provider-youtube wp-embed-aspect-16-9 wp-has-aspect-ratio\"><div class=\"wp-block-embed__wrapper\">\n<iframe loading=\"lazy\" title=\"\u015apiewaj\u0105ce Brzd\u0105ce - Uk\u0142ad S\u0142oneczny - Piosenki dla dzieci \ud83c\udf0f\ud83c\udf0e\ud83c\udf0d\" width=\"683\" height=\"384\" src=\"https:\/\/www.youtube.com\/embed\/MqrAV8D2zMg?feature=oembed\" frameborder=\"0\" allow=\"accelerometer; autoplay; clipboard-write; encrypted-media; gyroscope; picture-in-picture; web-share\" referrerpolicy=\"strict-origin-when-cross-origin\" allowfullscreen><\/iframe>\n<\/div><\/figure>\n\n\n\n<p>Nasza planeta <\/p>\n\n\n\n<ol class=\"wp-block-list\"><li>Nasza planeta wzywa nas,<br>\nNa Ziemi misj\u0119 zacz\u0105\u0107 czas.<br>\nWo\u0142amy g\u0142o\u015bno S.O.S.<br>\nPomoc potrzebna Ziemi jest.<br>\nRef. Trzeba nam zieleni,<br>\nCzystej atmosfery,<br>\nSegregacji \u015bmieci,<br>\nPomog\u0105 w tym dzieci.<\/li><li>Ekologiczna misja trwa,<br>\nSadzimy drzewa gdzie si\u0119 da.<br>\nWo\u0142amy g\u0142o\u015bno S.O.S.<br>\nPomoc potrzebna Ziemi jest.<br>\nRef. Trzeba nam zieleni,<br>\nCzystej atmosfery,<br>\nSegregacji \u015bmieci,<br>\nPomog\u0105 w tym dzieci. (2x)<\/li><\/ol>\n\n\n\n<p>MARZEC<\/p>\n\n\n\n<p>PIOSENKA: NARESZCIE WIOSNA<\/p>\n\n\n\n<p>\u201eNareszcie wiosna\u201d<\/p>\n\n\n\n<ol class=\"wp-block-list\"><li><\/li><li>Przysz\u0142a do nas wiosna- s\u0142oneczna, radosna.<br> Budzi kwiaty, budzi drzewa, ze skowronkiem \u015bpiewa. \/x2<\/li><li>Przywita\u0142a ptaki, bo w\u0142a\u015bnie wr\u00f3ci\u0142y,<br> gdy si\u0119 tylko dowiedzia\u0142y, \u017ce ju\u017c nie ma zimy. \/x2<\/li><li>Wiosennym deszczykiem kacze\u0144ce podlewa<br> i przygl\u0105da si\u0119 rado\u015bnie listeczkom na drzewach. \/x2<\/li><li>Teraz budzi \u017cabki, pszczo\u0142y i chrab\u0105szcze,<br> ta\u0144czy razem z motylami na kwitn\u0105cej \u0142\u0105ce. \/x2<\/li><li>Wo\u0142a do nied\u017awiedzia \u201eWstawaj, misiu, wstawaj!<br> Ju\u017c wiosenne kwiaty kwitn\u0105, zielenieje trawa!\u201d \/x2<\/li><li>I dzieci \u0142askocze s\u0142o\u0144ca promieniami.<br> Chod\u017acie, dzieci, chod\u017acie, dzieci, z wiosn\u0105 si\u0119 pobawi\u0107. \/x2<\/li><\/ol>\n\n\n\n<p>WIERSZ <br> Przedwio\u015bnie<br><br> Koniec \u015bniegu!<br> Wiosna w biegu!<br> Ju\u017c bociany powracaj\u0105,<br> Ju\u017c skowronki koncert daj\u0105.<br> Tu krokusy, tam \u017conkile<br> Spogl\u0105daj\u0105 na \u015bwiat mile.<br> Trawa zmienia swoj\u0105 ziele\u0144,<br> Ch\u0119tnie j\u0105 polubi jele\u0144.<br> Budzi si\u0119 przyroda wko\u0142o,<br> B\u0119dzie pi\u0119knie i weso\u0142o.<br> S\u0142o\u0144ce teraz cz\u0119\u015bciej \u015bwieci,<br> Na dw\u00f3r wzywa wszystkie dzieci.<\/p>\n\n\n\n<p>LUTY<\/p>\n\n\n\n<p>PIOSENKA ZIMOWA SAMBA<\/p>\n\n\n\n<p> <\/p>\n\n\n\n<p>W naszym przedszkolu ta\u0144czymy samb\u0119.<br>\nW naszym przedszkolu wspania\u0142y bal.<br>\nPodnie\u015bmy r\u0119ce do g\u00f3ry razem.<br>\nNiech samba rzuci taneczny czar.<br>\n\u015aniegowa samba weso\u0142a cho\u0107 zimna.<br>\n\u015aniegowa samba od letniej inna.<br>\n\u015aniegowa samba na mrozie, \u015bniegu.<br>\n\u015aniegowa samba rozgrzewa nas.<br>\nZa oknem zima, za oknem wieje.<br>\nA tu w przedszkolu gor\u0105co jest.<br>\n\u015aniegowa samba do nas si\u0119 \u015bmieje.<br>\nW zawrotnym tempie otacza nas.<br>\n\u015aniegowa samba weso\u0142a cho\u0107 zimna.<br>\n\u015aniegowa samba od letniej inna.<br>\n\u015aniegowa samba na mrozie, \u015bniegu.<br>\n\u015aniegowa samba rozgrzewa nas.<br>\nWiruj\u0105 wst\u0105\u017cki i baloniki.<br>\nA serpentyny splataj\u0105 si\u0119.<br>\nTupi\u0105 weso\u0142o ma\u0142e buciki.<br>\nTo dzieci ta\u0144cz\u0105 i mi\u0142o jest.<br>\n\u015aniegowa samba weso\u0142a cho\u0107 zimna.<br>\n\u015aniegowa samba od letniej inna.<\/p>\n\n\n\n<p><br><\/p>\n\n\n\n<p>WIERSZ Zimowe rady<\/p>\n\n\n\n<p>Pr\u00f3szy \u015bnieg i mr\u00f3z si\u0119 stara.<br> Nie sied\u017a w domu jak niezdara.<br> Zima \u2013 na dw\u00f3r wyj\u015b\u0107 wypada,<br> patrz, po torze mknie gromada.!<br> Slalom wybra\u0142 Patryk dzisiaj,<br> aby sprawdzi\u0107 narty Krzysia.<br> A pod g\u00f3rk\u0105 rzut \u015bnie\u017ckami<br> albo biegi z przeszkodami.<br> Nikt nie p\u0142acze, nie narzeka,<br> bo od lata na to czeka\u0142.<br> Jedn\u0105 rad\u0119 dzi\u015b ci dam:<br> Szalik, czapk\u0119, za\u0142\u00f3\u017c sam,<br> \u0142y\u017cwy przypnij i gotowy!<br> Baw si\u0119 dobrze, wracaj zdrowy.<\/p>\n\n\n\n<p><strong>STYCZE\u0143<\/strong><\/p>\n\n\n\n<p>Piosenka: ,,Sto lat Babciu i Dziadku!\u201d<\/p>\n\n\n\n<p>1.Sto lat Babciu!<\/p>\n\n\n\n<p>Sto lat Dziadku!<\/p>\n\n\n\n<p>Zdrowia, szcz\u0119\u015bcia i rado\u015bci<\/p>\n\n\n\n<p>\u017bycz\u0105 wnusie ukochane<\/p>\n\n\n\n<p>Roze\u015bmiane, roz\u015bpiewane<\/p>\n\n\n\n<p>Ref. Tak, Tak, Tak!<\/p>\n\n\n\n<p>Dzisiaj wielkie \u015bwi\u0119to<\/p>\n\n\n\n<p>Tak, Tak, Tak!<\/p>\n\n\n\n<p>Babci, Dziadka dzie\u0144\/ x2<\/p>\n\n\n\n<p>2.Moja Babcia i m\u00f3j Dziadziu\u015b<\/p>\n\n\n\n<p>Maj\u0105 dzisiaj swoje \u015bwi\u0119to<\/p>\n\n\n\n<p>A \u017ce bardzo ich kochamy<\/p>\n\n\n\n<p>Wi\u0119c piosenk\u0119 im \u015bpiewamy.<\/p>\n\n\n\n<p>Ref. Tak, Tak, \u2026\u2026\/x2<\/p>\n\n\n\n<p><\/p>\n\n\n\n<figure class=\"wp-block-embed-youtube wp-block-embed is-type-video is-provider-youtube wp-embed-aspect-16-9 wp-has-aspect-ratio\"><div class=\"wp-block-embed__wrapper\">\n<iframe loading=\"lazy\" title=\"&quot;Sto lat Babciu i Dziadku!&quot; - s\u0142. i muz. Monika i Artur Szwejda\" width=\"683\" height=\"384\" src=\"https:\/\/www.youtube.com\/embed\/49C5HBcM0p0?feature=oembed\" frameborder=\"0\" allow=\"accelerometer; autoplay; clipboard-write; encrypted-media; gyroscope; picture-in-picture; web-share\" referrerpolicy=\"strict-origin-when-cross-origin\" allowfullscreen><\/iframe>\n<\/div><\/figure>\n\n\n\n<p>Piosenka To dla ciebie<\/p>\n\n\n\n<p>To dla Ciebie droga babciu.<\/p>\n\n\n\n<p>Dzi\u015b serduszko moje cichute\u0144ko gra<\/p>\n\n\n\n<p>To dla Ciebie, droga babciu<\/p>\n\n\n\n<p>Brzmi piosenka w\u0142a\u015bnie ta<\/p>\n\n\n\n<p>&nbsp;&nbsp;&nbsp;&nbsp;&nbsp;&nbsp; Ref. Babciu,\nkocham Ci\u0119<\/p>\n\n\n\n<p>&nbsp;&nbsp;&nbsp;&nbsp;&nbsp;&nbsp;&nbsp;&nbsp;&nbsp;&nbsp;&nbsp;&nbsp;&nbsp;&nbsp;\nPos\u0142uchaj&nbsp; serce me, gra dla\nCiebie tiki, tiki, tak.<\/p>\n\n\n\n<p>To dla Ciebie drogi&nbsp;\ndziadku<\/p>\n\n\n\n<p>Dzi\u015b serduszko moje cichute\u0144ko gra<\/p>\n\n\n\n<p>To dla Ciebie, drogi&nbsp;\ndziadku<\/p>\n\n\n\n<p>Brzmi piosenka w\u0142a\u015bnie ta<\/p>\n\n\n\n<p>&nbsp;&nbsp;&nbsp;&nbsp;&nbsp;&nbsp; Ref.\nDziadku,&nbsp; kocham Ci\u0119&nbsp; <\/p>\n\n\n\n<figure class=\"wp-block-embed-youtube wp-block-embed is-type-video is-provider-youtube wp-embed-aspect-4-3 wp-has-aspect-ratio\"><div class=\"wp-block-embed__wrapper\">\n<iframe loading=\"lazy\" title=\"To dla Ciebie - s\u0142owa i muzyka Monika i Artur Szwejda\" width=\"683\" height=\"512\" src=\"https:\/\/www.youtube.com\/embed\/cTTjPp6A2ho?feature=oembed\" frameborder=\"0\" allow=\"accelerometer; autoplay; clipboard-write; encrypted-media; gyroscope; picture-in-picture; web-share\" referrerpolicy=\"strict-origin-when-cross-origin\" allowfullscreen><\/iframe>\n<\/div><\/figure>\n\n\n\n<p><\/p>\n\n\n\n<p><strong>GRUDZIE\u0143<\/strong><\/p>\n\n\n\n<p>PIOSENKA: \u201eZosta\u0144 Miko\u0142ajem\u201d<\/p>\n\n\n\n<p>1. Miko\u0142aj nosi p\u0142aszcz czerwony.<\/p>\n\n\n\n<p>Bia\u0142\u0105 brod\u0119 ma i czapk\u0119 ma z\npomponem.<\/p>\n\n\n\n<p>Je\u017adzi szybko w cztery \u015bwiata\nstrony<\/p>\n\n\n\n<p>i prezenty przywozi wymarzone.<\/p>\n\n\n\n<p>A czy ty wiesz, czy ty to wiesz,<\/p>\n\n\n\n<p>\u017ce Miko\u0142ajem mo\u017cesz zosta\u0107 te\u017c?<\/p>\n\n\n\n<p>Ref.: Zosta\u0144 Miko\u0142ajem, zosta\u0144\nMiko\u0142ajem.<\/p>\n\n\n\n<p>Poznasz dzieci wiele, zwiedzisz\nr\u00f3\u017cne kraje.<\/p>\n\n\n\n<p>Dzy\u0144, dzy\u0144, dzy\u0144, dzy\u0144, dzy\u0144,\ndzy\u0144,<\/p>\n\n\n\n<p>a twoje prezenty.<\/p>\n\n\n\n<p>Dzy\u0144, dzy\u0144, dzy\u0144, dzy\u0144, dzy\u0144,\ndzy\u0144<\/p>\n\n\n\n<p>to ka\u017cdy dzie\u0144 u\u015bmiechni\u0119ty.<\/p>\n\n\n\n<p>Dzy\u0144, dzy\u0144, dzy\u0144, dzy\u0144, dzy\u0144,\ndzy\u0144,<\/p>\n\n\n\n<p>pomoc i wielkie serce.<\/p>\n\n\n\n<p>Dzy\u0144, dzy\u0144, dzy\u0144, dzy\u0144, dzy\u0144,\ndzy\u0144<\/p>\n\n\n\n<p>to podarki najpi\u0119kniejsze.<\/p>\n\n\n\n<p>2. Miko\u0142aj zaprz\u0105g\u0142 swoje sanie.<\/p>\n\n\n\n<p>Ju\u017c nied\u0142ugo tu\u017c przed naszym\ndomem stanie.<\/p>\n\n\n\n<p>We\u017amie w r\u0119ce worek z prezentami.<\/p>\n\n\n\n<p>B\u0119dzie \u015bpiewa\u0107 i \u015bmia\u0107 si\u0119 razem\nz nami.<\/p>\n\n\n\n<p>Ale czy ty wiesz, czy ty to\nwiesz,<\/p>\n\n\n\n<p>\u017ce Miko\u0142ajem mo\u017cesz zosta\u0107 te\u017c?<\/p>\n\n\n\n<p>Ref.: Zosta\u0144 Miko\u0142ajem, zosta\u0144 Miko\u0142ajem\u2026<\/p>\n\n\n\n<figure class=\"wp-block-image\"><img loading=\"lazy\" decoding=\"async\" width=\"230\" height=\"196\" src=\"https:\/\/przedszkole.zspchechlo.pl\/wp-content\/uploads\/2023\/11\/obraz.png\" alt=\"\" class=\"wp-image-3774\"\/><\/figure>\n\n\n\n<p>WIERSZ: MIKO\u0141AJU, MIKO\u0141AJU<\/p>\n\n\n\n<p>Miko\u0142aju, Miko\u0142aju na ciebie czekamy<\/p>\n\n\n\n<p>Ca\u0142y dzie\u0144 wypatrujemy i nads\u0142uchujemy.<\/p>\n\n\n\n<p>A gdy wreszcie si\u0119 spotkamy tak ci pi\u0119knie za\u015bpiewamy.<\/p>\n\n\n\n<p>lalalalalalalal<\/p>\n\n\n\n<p>Miko\u0142aju, Miko\u0142aju na ciebie czekamy<\/p>\n\n\n\n<p>Ca\u0142y dzie\u0144 wypatrujemy i nads\u0142uchujemy.<\/p>\n\n\n\n<p>A gdy wreszcie si\u0119 spotkamy tak ci pi\u0119knie zagramy.<\/p>\n\n\n\n<p>Dzy\u0144, dzy\u0144, dzy\u0144, dzy\u0144<\/p>\n\n\n\n<p>Miko\u0142aju, Miko\u0142aju na ciebie czekamy<\/p>\n\n\n\n<p>Ca\u0142y dzie\u0144 wypatrujemy i nads\u0142uchujemy.<\/p>\n\n\n\n<p>A gdy wreszcie si\u0119 zobaczymy tak ci pi\u0119knie zata\u0144czymy.<\/p>\n\n\n\n<p>Tup tup, tup tup lalalala<\/p>\n\n\n\n<p>Witaj, witaj go\u015bciu mi\u0142y usi\u0105d\u017a aby zebra\u0107 si\u0142y,<\/p>\n\n\n\n<p>Dzi\u0119kujemy za prezenty drogi Miko\u0142aju \u015awi\u0119ty<\/p>\n\n\n\n<p><\/p>\n\n\n\n<p><strong>LISTOPAD<\/strong><\/p>\n\n\n\n<p>PIOSENKA: TANIEC W DESZCZU<\/p>\n\n\n\n<figure class=\"wp-block-image\"><img loading=\"lazy\" decoding=\"async\" width=\"871\" height=\"700\" src=\"https:\/\/przedszkole.zspchechlo.pl\/wp-content\/uploads\/2023\/10\/Screenshot-2023-10-31-at-21-21-25-strefa_przedszkolaka_przewodnik_metodyczny_cz_2.pdf.png\" alt=\"\" class=\"wp-image-3635\" srcset=\"https:\/\/przedszkole.zspchechlo.pl\/wp-content\/uploads\/2023\/10\/Screenshot-2023-10-31-at-21-21-25-strefa_przedszkolaka_przewodnik_metodyczny_cz_2.pdf.png 871w, https:\/\/przedszkole.zspchechlo.pl\/wp-content\/uploads\/2023\/10\/Screenshot-2023-10-31-at-21-21-25-strefa_przedszkolaka_przewodnik_metodyczny_cz_2.pdf-300x241.png 300w, https:\/\/przedszkole.zspchechlo.pl\/wp-content\/uploads\/2023\/10\/Screenshot-2023-10-31-at-21-21-25-strefa_przedszkolaka_przewodnik_metodyczny_cz_2.pdf-768x617.png 768w\" sizes=\"(max-width: 871px) 100vw, 871px\" \/><\/figure>\n\n\n\n<p>WIERSZ- POLSKA MYM DOMEM<\/p>\n\n\n\n<figure class=\"wp-block-image is-resized\"><img loading=\"lazy\" decoding=\"async\" src=\"https:\/\/przedszkole.zspchechlo.pl\/wp-content\/uploads\/2023\/10\/Screenshot-2023-10-31-at-21-30-46-Kr\u00f3tki-wierszyk-Polska-to-dom-Wierszyk-dla-dzieci-do-pobrania-i-wydruku-467x1024.png\" alt=\"\" class=\"wp-image-3637\" width=\"230\" height=\"503\" srcset=\"https:\/\/przedszkole.zspchechlo.pl\/wp-content\/uploads\/2023\/10\/Screenshot-2023-10-31-at-21-30-46-Kr\u00f3tki-wierszyk-Polska-to-dom-Wierszyk-dla-dzieci-do-pobrania-i-wydruku-467x1024.png 467w, https:\/\/przedszkole.zspchechlo.pl\/wp-content\/uploads\/2023\/10\/Screenshot-2023-10-31-at-21-30-46-Kr\u00f3tki-wierszyk-Polska-to-dom-Wierszyk-dla-dzieci-do-pobrania-i-wydruku-137x300.png 137w, https:\/\/przedszkole.zspchechlo.pl\/wp-content\/uploads\/2023\/10\/Screenshot-2023-10-31-at-21-30-46-Kr\u00f3tki-wierszyk-Polska-to-dom-Wierszyk-dla-dzieci-do-pobrania-i-wydruku.png 477w\" sizes=\"(max-width: 230px) 100vw, 230px\" \/><\/figure>\n\n\n\n<p><strong>PA\u0179DZIERNIK<\/strong><\/p>\n\n\n\n<p><strong>PIOSENKA JESIENNA ZAGADKA<\/strong><\/p>\n\n\n\n<ol class=\"wp-block-list\"><li>Wiewi\u00f3rka w dziupli przysiad\u0142a i liczy swe zapasy,<br> bo zim\u0105 b\u0119dzie je jad\u0142a, gdy \u015bnieg pokryje lasy.<br> Czas jesieni wszystko zmieni, posmutnieje \u015bwiat,<br> lecz zagadka rozwi\u0105zana!<br> Tak, tak, tak, tak, tak!<br> Ref.: Zagadk\u0119 zadam ci i powiedz mi, czy wiesz,<br> co jesieni\u0105 robi wiewi\u00f3rka, bocian oraz je\u017c.<br> Co jesieni\u0105 robi wiewi\u00f3rka, bocian oraz je\u017c.<\/li><li>Bociany m\u00f3wi\u0105, \u017ce gniazdo nieczynne jest do wiosny,<br> bo lec\u0105 st\u0105d do Afryki,<br> a ka\u017cdy bocian radosny!<br> Czas jesieni wszystko zmieni, posmutnieje \u015bwiat,<br> lecz zagadka rozwi\u0105zana!<br> Tak, tak, tak, tak, tak!<br> Ref.: Zagadk\u0119 zadam ci\u2026<\/li><li>A je\u017cyk, gruby jak pi\u0142ka, podrepta\u0142, gdzie lasek ro\u015bnie,<br> zakopa\u0142 si\u0119 po\u015br\u00f3d li\u015bci i chrapie tak, \u015bni\u0105c o wio\u015bnie.<br> Czas jesieni wszystko zmieni, posmutnieje \u015bwiat,<br> lecz zagadka rozwi\u0105zana!<br> Tak, tak, tak, tak, tak!<br> Ref.: Zagadk\u0119 zadam ci\u2026<\/li><\/ol>\n\n\n\n<figure class=\"wp-block-image\"><img loading=\"lazy\" decoding=\"async\" width=\"228\" height=\"173\" src=\"https:\/\/przedszkole.zspchechlo.pl\/wp-content\/uploads\/2023\/09\/obraz.png\" alt=\"\" class=\"wp-image-3445\"\/><\/figure>\n\n\n\n<p><strong>WIERSZ JESIE\u0143<\/strong><\/p>\n\n\n\n<p>Idzie \u0142\u0105k\u0105 , idzie\npolem<br>pod z\u0142ocistym parasolem.<br>Gdy go zamknie \u2013 s\u0142o\u0144ce\n\u015bwieci.<br>Gdy otworzy- pada deszcz.<br>Kto to taki? Czy \nwiecie?<br>Tak \u2013 to w\u0142a\u015bnie jesie\u0144 jest.<\/p>\n\n\n\n<p><strong>WRZESIE\u0143<\/strong><\/p>\n\n\n\n<p><strong>PIOSENKA\n\u201eWITAMY PRZEDSZKOLE\u201d<\/strong><\/p>\n\n\n\n<p>I:\n\n<\/p>\n\n\n\n<p>Ju\u017c wakacje si\u0119 sko\u0144czy\u0142y, do przedszkola wraca\u0107 czas.<\/p>\n\n\n\n<p>A w przedszkolu wiele nowych przyg\u00f3d czeka nas.<\/p>\n\n\n\n<p>Ref.<\/p>\n\n\n\n<p>Witamy\nprzedszkole \u2013 weso\u0142e, u\u015bmiechni\u0119te,<\/p>\n\n\n\n<p>Dzisiaj\nw kole znowu podajemy r\u0119ce.<\/p>\n\n\n\n<p>Witamy\nnasz\u0105 pani\u0105, koleg\u00f3w, kole\u017canki.<\/p>\n\n\n\n<p>Witamy\nklocki, puzzle, pajace, misie, lalki<\/p>\n\n\n\n<p>II:\n\n<\/p>\n\n\n\n<p>Kole\u017canki i koledzy dzi\u015b tak bardzo ciesz\u0105 si\u0119<\/p>\n\n\n\n<p>\u017be b\u0119dziemy si\u0119 spotyka\u0107 tutaj zn\u00f3w co dzie\u0144.<\/p>\n\n\n\n<p>Ref<\/p>\n\n\n\n<p>Witamy\nprzedszkole&#8230;<\/p>\n\n\n\n<p>III:<\/p>\n\n\n\n<p>Nasza sala taka pi\u0119kna, po wakacjach wita nas.<\/p>\n\n\n\n<p>W szatni nowe szafki, znaczki, trzeba o nie dba\u0107 <\/p>\n\n\n\n<p>\n<strong>WIERSZ:\n\u201eKODEKS PRZEDSZKOLAKA\u201d <\/strong><strong>&nbsp;<\/strong><strong>AGATA\nDZIECHCIARCZYK<\/strong><\/p>\n\n\n\n<blockquote class=\"wp-block-quote is-layout-flow wp-block-quote-is-layout-flow\"><p> Oczy patrz\u0105 uwa\u017cnie,<\/p><p> Nogi chodz\u0105 rozwa\u017cnie,<\/p><p> R\u0119ce pracuj\u0105 ochoczo,  <\/p><p> Cz\u0119sto s\u0142u\u017c\u0105 pomoc\u0105.<\/p><p> Uszy zawsze s\u0142uchaj\u0105<\/p><p> Co inni do powiedzenia maj\u0105<\/p><p> A usta cichutk\u0105 m\u00f3wi\u0105<\/p><p> Tak najbardziej lubi\u0105.<\/p><\/blockquote>\n\n\n\n<p><\/p>\n\n\n\n<p><\/p>\n\n\n\n<p><\/p>\n\n\n\n<p><\/p>\n","protected":false},"excerpt":{"rendered":"<p>CZERWIEC PIOSENKA: M\u00d3J KOLEGO Z PRZEDSZKOLA M\u00f3j kolego z przedszkola mamy po siedem lat Tak, tak, tak \u015amieje si\u0119 do nas \u015bwiat Tak, tak, tak Szko\u0142a wo\u0142a, M\u00f3j kolego z przedszkola mi\u0142o by\u0142o Ci\u0119 zna\u0107, Tak, tak, tak, Ale \u017cegna\u0107 si\u0119 czas tak, tak, tak, Szko\u0142a wo\u0142a. Ref.: W przedszkolu by\u0142o super, na sto dwadzie\u015bcia [&hellip;]<\/p>\n","protected":false},"author":2,"featured_media":0,"parent":395,"menu_order":1,"comment_status":"closed","ping_status":"closed","template":"","meta":{"footnotes":""},"class_list":["post-713","page","type-page","status-publish","hentry"],"_links":{"self":[{"href":"https:\/\/przedszkole.zspchechlo.pl\/index.php?rest_route=\/wp\/v2\/pages\/713"}],"collection":[{"href":"https:\/\/przedszkole.zspchechlo.pl\/index.php?rest_route=\/wp\/v2\/pages"}],"about":[{"href":"https:\/\/przedszkole.zspchechlo.pl\/index.php?rest_route=\/wp\/v2\/types\/page"}],"author":[{"embeddable":true,"href":"https:\/\/przedszkole.zspchechlo.pl\/index.php?rest_route=\/wp\/v2\/users\/2"}],"replies":[{"embeddable":true,"href":"https:\/\/przedszkole.zspchechlo.pl\/index.php?rest_route=%2Fwp%2Fv2%2Fcomments&post=713"}],"version-history":[{"count":70,"href":"https:\/\/przedszkole.zspchechlo.pl\/index.php?rest_route=\/wp\/v2\/pages\/713\/revisions"}],"predecessor-version":[{"id":4089,"href":"https:\/\/przedszkole.zspchechlo.pl\/index.php?rest_route=\/wp\/v2\/pages\/713\/revisions\/4089"}],"up":[{"embeddable":true,"href":"https:\/\/przedszkole.zspchechlo.pl\/index.php?rest_route=\/wp\/v2\/pages\/395"}],"wp:attachment":[{"href":"https:\/\/przedszkole.zspchechlo.pl\/index.php?rest_route=%2Fwp%2Fv2%2Fmedia&parent=713"}],"curies":[{"name":"wp","href":"https:\/\/api.w.org\/{rel}","templated":true}]}}