{"id":734,"date":"2020-11-09T18:37:23","date_gmt":"2020-11-09T18:37:23","guid":{"rendered":"http:\/\/przedszkole.zspchechlo.pl\/?page_id=734"},"modified":"2025-08-31T21:32:26","modified_gmt":"2025-08-31T21:32:26","slug":"sredniaki-gumisie","status":"publish","type":"page","link":"https:\/\/przedszkole.zspchechlo.pl\/?page_id=734","title":{"rendered":"\u015aREDNIAKI &#8211; KRASNOLUDKI"},"content":{"rendered":"\n<p><strong>CZERWIEC<\/strong><\/p>\n\n\n\n<p>Piosenka &#8222;Dzie\u0144 Dziecka&#8221;<\/p>\n\n\n\n<figure class=\"wp-block-embed-youtube wp-block-embed is-type-video is-provider-youtube wp-embed-aspect-16-9 wp-has-aspect-ratio\"><div class=\"wp-block-embed__wrapper\">\n<iframe loading=\"lazy\" title=\"Ma\u0142e TGD - Dzie\u0144 Dziecka\" width=\"683\" height=\"384\" src=\"https:\/\/www.youtube.com\/embed\/0IgEMFTTt_8?feature=oembed\" frameborder=\"0\" allow=\"accelerometer; autoplay; clipboard-write; encrypted-media; gyroscope; picture-in-picture; web-share\" referrerpolicy=\"strict-origin-when-cross-origin\" allowfullscreen><\/iframe>\n<\/div><\/figure>\n\n\n\n<p><strong>MAJ<\/strong><\/p>\n\n\n\n<p> WIERSZ: &#8222;Barwy ojczyste&#8221; Czes\u0142aw Janczarski <br><\/p>\n\n\n\n<p>Powiewa flaga,<br>gdy wiatr si\u0119 zerwie.<br>A na tej fladze<br>biel jest i czerwie\u0144.<br>Czerwie\u0144 to mi\u0142o\u015b\u0107,<br>biel &#8211; serce czyste.<br>Pi\u0119kne s\u0105 nasze<br>barwy ojczyste.<\/p>\n\n\n\n<p>Uczymy si\u0119 hymnu pa\u0144stwowego.<\/p>\n\n\n\n<p><br><\/p>\n\n\n\n<p><strong>KWIECIE\u0143<\/strong><\/p>\n\n\n\n<figure class=\"wp-block-embed-youtube wp-block-embed is-type-video is-provider-youtube wp-embed-aspect-16-9 wp-has-aspect-ratio\"><div class=\"wp-block-embed__wrapper\">\n<iframe loading=\"lazy\" title=\"Moja Planeta Ziemia | Nowa piosenka na Dzie\u0144 Ziemi\" width=\"683\" height=\"384\" src=\"https:\/\/www.youtube.com\/embed\/I8FcqANQ3dI?feature=oembed\" frameborder=\"0\" allow=\"accelerometer; autoplay; clipboard-write; encrypted-media; gyroscope; picture-in-picture; web-share\" referrerpolicy=\"strict-origin-when-cross-origin\" allowfullscreen><\/iframe>\n<\/div><\/figure>\n\n\n\n<figure class=\"wp-block-embed-youtube wp-block-embed is-type-video is-provider-youtube wp-embed-aspect-16-9 wp-has-aspect-ratio\"><div class=\"wp-block-embed__wrapper\">\n<iframe loading=\"lazy\" title=\"Segregowanie \u015bmieci. Wiersz dla dzieci. Bajki po polsku\" width=\"683\" height=\"384\" src=\"https:\/\/www.youtube.com\/embed\/7kqdON_92Iw?feature=oembed\" frameborder=\"0\" allow=\"accelerometer; autoplay; clipboard-write; encrypted-media; gyroscope; picture-in-picture; web-share\" referrerpolicy=\"strict-origin-when-cross-origin\" allowfullscreen><\/iframe>\n<\/div><\/figure>\n\n\n\n<p><strong>MARZEC<\/strong><\/p>\n\n\n\n<figure class=\"wp-block-embed-youtube wp-block-embed is-type-video is-provider-youtube wp-embed-aspect-16-9 wp-has-aspect-ratio\"><div class=\"wp-block-embed__wrapper\">\n<iframe loading=\"lazy\" title=\"Zielona wiosna\" width=\"683\" height=\"384\" src=\"https:\/\/www.youtube.com\/embed\/c2uvvH5FBiY?feature=oembed\" frameborder=\"0\" allow=\"accelerometer; autoplay; clipboard-write; encrypted-media; gyroscope; picture-in-picture; web-share\" referrerpolicy=\"strict-origin-when-cross-origin\" allowfullscreen><\/iframe>\n<\/div><\/figure>\n\n\n\n<p> Piosenka ,,Zielona wiosna\u201d <br>1. Nad brzegiem rzeki \u017cabki siedzia\u0142y i co\u015b do ucha sobie szepta\u0142y. <br>Ref. Kum, kum, kum, kum, kum, kum, kum, kum, kum, kum, kum, kum, kum, kum, kum, kum, kum. BIS <br>2. Przylecia\u0142 bociek, usiad\u0142 na p\u0142ocie i do drugiego bo\u0107ka klekoce. <br>Ref. Kle, kle, kle, kle, kle, kle, kle, kle, kle, kle, kle, kle, kle, kle, kle, kle, kle. BIS  <br>3.Wszystko us\u0142ysza\u0142 ma\u0142y wr\u00f3belek i przet\u0142umaczy\u0142 na ptasie trele. <br>Ref. \u0106wir, \u0107wir, \u0107wir, \u0107wir, \u0107wir, \u0107wir, \u0107wir, \u0107wir, \u0107wir, \u0107wir, \u0107wir, \u0107wir, \u0107wir, \u0107wir, \u0107wir, \u0107wir, \u0107wir. <br>Wiosna, wiosna, zn\u00f3w przysz\u0142a wiosna, wiosna, wiosna, jest ju\u017c w\u015br\u00f3d nas. <\/p>\n\n\n\n<p>Wiersz: &#8222;Motylek&#8221;<br>Pierwszy motylek wzlecia\u0142 nad \u0142\u0105k\u0105,<br>w locie rado\u015bnie wita\u0142 si\u0119 ze s\u0142onkiem.<br>W g\u00f3rze zab\u0142\u0105dzi\u0142 w chmurk\u0119 i mgie\u0142k\u0119<br>sfrun\u0105\u0142 trzepocz\u0105c bia\u0142ym skrzyde\u0142kiem. <br>A gdy ju\u017c dosy\u0107 mia\u0142 tej gonitwy<br>pyta\u0142 si\u0119 kwiatk\u00f3w, kiedy rozkwit\u0142y?<br>Pyta\u0142 si\u0119 dzieci, kiedy podros\u0142y?<br>Tak mu up\u0142yn\u0105\u0142 pierwszy dzie\u0144 wiosny. <\/p>\n\n\n\n<p><strong>LUTY<\/strong><\/p>\n\n\n\n<p>PIOSENKA: &#8222;Witajcie w naszej bajce&#8221;<\/p>\n\n\n\n<figure class=\"wp-block-embed-youtube wp-block-embed is-type-video is-provider-youtube wp-embed-aspect-16-9 wp-has-aspect-ratio\"><div class=\"wp-block-embed__wrapper\">\n<iframe loading=\"lazy\" title=\"Akademia Pana Kleksa - Witajcie w naszej bajce\" width=\"683\" height=\"384\" src=\"https:\/\/www.youtube.com\/embed\/XxYafS9HxiU?feature=oembed\" frameborder=\"0\" allow=\"accelerometer; autoplay; clipboard-write; encrypted-media; gyroscope; picture-in-picture; web-share\" referrerpolicy=\"strict-origin-when-cross-origin\" allowfullscreen><\/iframe>\n<\/div><\/figure>\n\n\n\n<figure class=\"wp-block-embed-youtube wp-block-embed is-type-video is-provider-youtube wp-embed-aspect-4-3 wp-has-aspect-ratio\"><div class=\"wp-block-embed__wrapper\">\n<iframe loading=\"lazy\" title=\"Lata ptaszek -piosenka ludowa\" width=\"683\" height=\"512\" src=\"https:\/\/www.youtube.com\/embed\/OaEksWmCMUI?feature=oembed\" frameborder=\"0\" allow=\"accelerometer; autoplay; clipboard-write; encrypted-media; gyroscope; picture-in-picture; web-share\" referrerpolicy=\"strict-origin-when-cross-origin\" allowfullscreen><\/iframe>\n<\/div><\/figure>\n\n\n\n<p><strong>STYCZE\u0143<\/strong><\/p>\n\n\n\n<p><strong>Piosenka<\/strong>: <em>,,Sto lat Babciu i Dziadku!\u201d<\/em><\/p>\n\n\n\n<p>1.Sto lat Babciu!<\/p>\n\n\n\n<p>Sto lat Dziadku!<\/p>\n\n\n\n<p>Zdrowia, szcz\u0119\u015bcia i rado\u015bci<\/p>\n\n\n\n<p>\u017bycz\u0105 wnusie ukochane<\/p>\n\n\n\n<p>Roze\u015bmiane, roz\u015bpiewane<\/p>\n\n\n\n<p>Ref. Tak, Tak, Tak!<\/p>\n\n\n\n<p>Dzisiaj wielkie \u015bwi\u0119to<\/p>\n\n\n\n<p>Tak, Tak, Tak!<\/p>\n\n\n\n<p>Babci, Dziadka dzie\u0144\/ x2<\/p>\n\n\n\n<p>2.Moja Babcia i m\u00f3j Dziadziu\u015b<\/p>\n\n\n\n<p>Maj\u0105 dzisiaj swoje \u015bwi\u0119to<\/p>\n\n\n\n<p>A \u017ce bardzo ich kochamy<\/p>\n\n\n\n<p>Wi\u0119c piosenk\u0119 im \u015bpiewamy.<\/p>\n\n\n\n<p>Ref. Tak, Tak, \u2026\u2026\/x2<\/p>\n\n\n\n<figure><iframe loading=\"lazy\" width=\"683\" height=\"384\" src=\"https:\/\/www.youtube.com\/embed\/49C5HBcM0p0?feature=oembed\" allowfullscreen=\"\"><\/iframe><\/figure>\n\n\n\n<p><strong>Piosenka:<\/strong> <em>&#8222;To dla ciebie&#8221;<\/em><\/p>\n\n\n\n<p>To dla Ciebie droga babciu.<\/p>\n\n\n\n<p>Dzi\u015b serduszko moje cichute\u0144ko gra<\/p>\n\n\n\n<p>To dla Ciebie, droga babciu<\/p>\n\n\n\n<p>Brzmi piosenka w\u0142a\u015bnie ta<\/p>\n\n\n\n<p>&nbsp;&nbsp;&nbsp;&nbsp;&nbsp;&nbsp; Ref. Babciu, kocham Ci\u0119<\/p>\n\n\n\n<p>&nbsp;&nbsp;&nbsp;&nbsp;&nbsp;&nbsp;&nbsp;&nbsp;&nbsp;&nbsp;&nbsp;&nbsp;&nbsp;&nbsp; Pos\u0142uchaj&nbsp; serce me, gra dla Ciebie tiki, tiki, tak.<\/p>\n\n\n\n<p>To dla Ciebie drogi&nbsp; dziadku<\/p>\n\n\n\n<p>Dzi\u015b serduszko moje cichute\u0144ko gra<\/p>\n\n\n\n<p>To dla Ciebie, drogi&nbsp; dziadku<\/p>\n\n\n\n<p>Brzmi piosenka w\u0142a\u015bnie ta<\/p>\n\n\n\n<p>&nbsp;&nbsp;&nbsp;&nbsp;&nbsp;&nbsp; Ref. Dziadku,&nbsp; kocham Ci\u0119&nbsp;<\/p>\n\n\n\n<figure><iframe loading=\"lazy\" width=\"683\" height=\"512\" src=\"https:\/\/www.youtube.com\/embed\/cTTjPp6A2ho?feature=oembed\" allowfullscreen=\"\"><\/iframe><\/figure>\n\n\n\n<p><strong>Wierszyk dla Babci i Dziadka<\/strong><\/p>\n\n\n\n<p>BABCIA Z DZIADKIEM DZI\u015a \u015aWIETUJ\u0104,<br>WSZYSTKIE DZIECI WI\u0118C PRACUJ\u0104.<br>ZETR\u0104 KURZE W KA\u017bDYM K\u0104TKU,<br>PRZYPILNUJ\u0104 DZI\u015a PORZ\u0104DKU.<br>NA STOLE CZEKA  JU\u017b HERBATKA<br>DLA KOCHANEJ BABCI, DZIADKA.<br>DZISIAJ WSZYSTKIE SMUTKI PRECZ,<br>\u015aWI\u0118TO DZIADK\u00d3W WA\u017bNA RZECZ!<\/p>\n\n\n\n<p><strong>GRUDZIE\u0143<\/strong><\/p>\n\n\n\n<p>PIOSENKA: \u201eZosta\u0144 Miko\u0142ajem\u201d<\/p>\n\n\n\n<p>1. Miko\u0142aj nosi p\u0142aszcz czerwony.<\/p>\n\n\n\n<p>Bia\u0142\u0105 brod\u0119 ma i czapk\u0119 ma z\npomponem.<\/p>\n\n\n\n<p>Je\u017adzi szybko w cztery \u015bwiata\nstrony<\/p>\n\n\n\n<p>i prezenty przywozi wymarzone.<\/p>\n\n\n\n<p>A czy ty wiesz, czy ty to wiesz,<\/p>\n\n\n\n<p>\u017ce Miko\u0142ajem mo\u017cesz zosta\u0107 te\u017c?<\/p>\n\n\n\n<p>Ref.: Zosta\u0144 Miko\u0142ajem, zosta\u0144\nMiko\u0142ajem.<\/p>\n\n\n\n<p>Poznasz dzieci wiele, zwiedzisz\nr\u00f3\u017cne kraje.<\/p>\n\n\n\n<p>Dzy\u0144, dzy\u0144, dzy\u0144, dzy\u0144, dzy\u0144,\ndzy\u0144,<\/p>\n\n\n\n<p>a twoje prezenty.<\/p>\n\n\n\n<p>Dzy\u0144, dzy\u0144, dzy\u0144, dzy\u0144, dzy\u0144,\ndzy\u0144<\/p>\n\n\n\n<p>to ka\u017cdy dzie\u0144 u\u015bmiechni\u0119ty.<\/p>\n\n\n\n<p>Dzy\u0144, dzy\u0144, dzy\u0144, dzy\u0144, dzy\u0144,\ndzy\u0144,<\/p>\n\n\n\n<p>pomoc i wielkie serce.<\/p>\n\n\n\n<p>Dzy\u0144, dzy\u0144, dzy\u0144, dzy\u0144, dzy\u0144,\ndzy\u0144<\/p>\n\n\n\n<p>to podarki najpi\u0119kniejsze.<\/p>\n\n\n\n<p>2. Miko\u0142aj zaprz\u0105g\u0142 swoje sanie.<\/p>\n\n\n\n<p>Ju\u017c nied\u0142ugo tu\u017c przed naszym\ndomem stanie.<\/p>\n\n\n\n<p>We\u017amie w r\u0119ce worek z prezentami.<\/p>\n\n\n\n<p>B\u0119dzie \u015bpiewa\u0107 i \u015bmia\u0107 si\u0119 razem\nz nami.<\/p>\n\n\n\n<p>Ale czy ty wiesz, czy ty to\nwiesz,<\/p>\n\n\n\n<p>\u017ce Miko\u0142ajem mo\u017cesz zosta\u0107 te\u017c?<\/p>\n\n\n\n<p>Ref.: Zosta\u0144 Miko\u0142ajem, zosta\u0144 Miko\u0142ajem\u2026<\/p>\n\n\n\n<figure class=\"wp-block-image\"><img loading=\"lazy\" decoding=\"async\" width=\"230\" height=\"196\" src=\"https:\/\/przedszkole.zspchechlo.pl\/wp-content\/uploads\/2023\/11\/obraz-1.png\" alt=\"\" class=\"wp-image-3776\"\/><\/figure>\n\n\n\n<p>WIERSZ: MIKO\u0141AJU, MIKO\u0141AJU<\/p>\n\n\n\n<p>Miko\u0142aju, Miko\u0142aju na ciebie czekamy<\/p>\n\n\n\n<p>Ca\u0142y dzie\u0144 wypatrujemy i nads\u0142uchujemy.<\/p>\n\n\n\n<p>A gdy wreszcie si\u0119 spotkamy tak ci pi\u0119knie za\u015bpiewamy.<\/p>\n\n\n\n<p>lalalalalalalala<\/p>\n\n\n\n<p>Miko\u0142aju, Miko\u0142aju na ciebie czekamy<\/p>\n\n\n\n<p>Ca\u0142y dzie\u0144 wypatrujemy i nads\u0142uchujemy.<\/p>\n\n\n\n<p>A gdy wreszcie si\u0119 spotkamy tak ci pi\u0119knie zagramy.<\/p>\n\n\n\n<p>Dzy\u0144, dzy\u0144, dzy\u0144, dzy\u0144<\/p>\n\n\n\n<p>Miko\u0142aju, Miko\u0142aju na ciebie czekamy<\/p>\n\n\n\n<p>Ca\u0142y dzie\u0144 wypatrujemy i nads\u0142uchujemy.<\/p>\n\n\n\n<p>A gdy wreszcie si\u0119 zobaczymy tak ci pi\u0119knie zata\u0144czymy.<\/p>\n\n\n\n<p>Tup tup, tup tup lalalala<\/p>\n\n\n\n<p>Witaj, witaj go\u015bciu mi\u0142y usi\u0105d\u017a aby zebra\u0107 si\u0142y,<\/p>\n\n\n\n<p>Dzi\u0119kujemy za prezenty drogi Miko\u0142aju \u015awi\u0119ty<\/p>\n\n\n\n<p><strong>LISTOPAD<\/strong><\/p>\n\n\n\n<p><strong> Piosenka &#8222;Jesienna szaruga&#8221; <\/strong><\/p>\n\n\n\n<p>1. Deszcz po szybie \u015bcieka: sza, sza, sza, <br>    kapi\u0105 krople deszczu: pla, pla, pla.<br>  <br>Ref. Jesienna muzyka  dzi\u015b od rana gra: <br>        sza, sza, sza, plum, plum, plum,  <br>        plum, ta-ra-ra-ra. <\/p>\n\n\n\n<p>2. Wiatr piosenk\u0119 \u015bpiewa: tu, tu, tu, <br>     Szumi\u0105 z wiatrem drzewa: szu, szu, szu.  <\/p>\n\n\n\n<p>Ref. Jesienna\u2026 <\/p>\n\n\n\n<p>3. Ta\u0144cz\u0105 krople deszczu: kap, kap, kap, <br>    wszystko wko\u0142o mokre: chlap, chlap, chlap.  <\/p>\n\n\n\n<p>Ref. Jesienna\u2026  <\/p>\n\n\n\n<p><strong>Wiersz &#8222;Deszczyk&#8221;<\/strong><br><br>Pada deszczyk pada<br>od samego rana.<br>Pada deszczyk pada<br>zmoczy\u0142 nam ubrania.<br>Przesta\u0144 wreszcie p\u0142aka\u0107<br>chmurko nad\u0105sana.<br>Baw si\u0119 razem z nami:<br>hopsa, hopsa, dana!<\/p>\n\n\n\n<p><\/p>\n\n\n\n<p><strong>PA\u0179DZIERNIK<\/strong><\/p>\n\n\n\n<p><strong><a>Piosenka &#8222;Ola i li\u015bcie&#8221;<\/a><\/strong><\/p>\n\n\n\n<p>Posz\u0142a Ola na spacerek<\/p>\n\n\n\n<p>Na s\u0142oneczko, na wiaterek.<\/p>\n\n\n\n<p>A tu lec\u0105 jej na g\u0142ow\u0119<\/p>\n\n\n\n<p>Li\u015bcie z\u0142ote i br\u0105zowe<\/p>\n\n\n\n<p>My\u015bli Ola: li\u015bci tyle,<\/p>\n\n\n\n<p>Bukiet zrobi\u0119 z nich za chwil\u0119<\/p>\n\n\n\n<p>La, la, la, la, la, la&#8230;<\/p>\n\n\n\n<p><\/p>\n\n\n\n<p><strong>Wiersz &#8222;Jesie\u0144&#8221;<\/strong><\/p>\n\n\n\n<p>Idzie \u0142\u0105k\u0105 , idzie polem<br>pod z\u0142ocistym parasolem.<br>Gdy go zamknie \u2013 s\u0142o\u0144ce \u015bwieci.<br>Gdy otworzy- pada deszcz.<br>Kto to taki? Czy wiecie?<br>Tak \u2013 to w\u0142a\u015bnie jesie\u0144 jest.<\/p>\n\n\n\n<p><strong>WRZESIE\u0143<\/strong><\/p>\n\n\n\n<p><strong>Piosenka &#8222;S\u0142oneczko&#8221;<\/strong><\/p>\n\n\n\n<p>S\u0142oneczko p\u00f3\u017ano\ndzisiaj wsta\u0142o<\/p>\n\n\n\n<p>i w takim bardzo\nz\u0142ym humorze<\/p>\n\n\n\n<p>i \u015bwieci\u0107 tez mu\nsi\u0119 nie chcia\u0142o,<\/p>\n\n\n\n<p>bo m\u00f3wi, ze zimno\nna dworze.<\/p>\n\n\n\n<p>Lecz gdy piosenk\u0119\nus\u0142ysza\u0142o,<\/p>\n\n\n\n<p>to si\u0119 tak bardzo\nucieszy\u0142o.<\/p>\n\n\n\n<p>Zza wielkiej chmury\nzaraz wysz\u0142o<\/p>\n\n\n\n<p>i nam rado\u015bnie\nza\u015bwieci\u0142o.<\/p>\n\n\n\n<p>S\u0142oneczko nasze,\nrozchmurz buzi\u0119,<\/p>\n\n\n\n<p>bo nie do twarzy ci\nw tej chmurze.<\/p>\n\n\n\n<p>S\u0142oneczko nasze,\nrozchmurz si\u0119,<\/p>\n\n\n\n<p>maszerowa\u0107 z tob\u0105\nb\u0119dzie l\u017cej!<\/p>\n\n\n\n<p>S\u0142oneczko nasze,\nrozchmurz pyska,<\/p>\n\n\n\n<p>bo nie do twarzy ci\nw chmurzyskach!<\/p>\n\n\n\n<p>S\u0142oneczko nasze,\nrozchmurz si\u0119,<\/p>\n\n\n\n<p>maszerowa\u0107 z tob\u0105\nb\u0119dzie l\u017cej!<\/p>\n\n\n\n<p>WIERSZ  &#8222;PORZ\u0104DKI&#8221;<\/p>\n\n\n\n<p>O zabawki zawsze dbamy<br>Po zabawie posprz\u0105tamy<br>Ka\u017cdy przedszkolaczek wie<br>Po zabawie sprz\u0105ta si\u0119!<\/p>\n\n\n\n<p><\/p>\n\n\n\n<p><\/p>\n\n\n\n<p><\/p>\n","protected":false},"excerpt":{"rendered":"<p>CZERWIEC Piosenka &#8222;Dzie\u0144 Dziecka&#8221; MAJ WIERSZ: &#8222;Barwy ojczyste&#8221; Czes\u0142aw Janczarski Powiewa flaga,gdy wiatr si\u0119 zerwie.A na tej fladzebiel jest i czerwie\u0144.Czerwie\u0144 to mi\u0142o\u015b\u0107,biel &#8211; serce czyste.Pi\u0119kne s\u0105 naszebarwy ojczyste. Uczymy si\u0119 hymnu pa\u0144stwowego. KWIECIE\u0143 MARZEC Piosenka ,,Zielona wiosna\u201d 1. Nad brzegiem rzeki \u017cabki siedzia\u0142y i co\u015b do ucha sobie szepta\u0142y. Ref. Kum, kum, kum, kum, [&hellip;]<\/p>\n","protected":false},"author":2,"featured_media":0,"parent":0,"menu_order":0,"comment_status":"closed","ping_status":"closed","template":"","meta":{"footnotes":""},"class_list":["post-734","page","type-page","status-publish","hentry"],"_links":{"self":[{"href":"https:\/\/przedszkole.zspchechlo.pl\/index.php?rest_route=\/wp\/v2\/pages\/734"}],"collection":[{"href":"https:\/\/przedszkole.zspchechlo.pl\/index.php?rest_route=\/wp\/v2\/pages"}],"about":[{"href":"https:\/\/przedszkole.zspchechlo.pl\/index.php?rest_route=\/wp\/v2\/types\/page"}],"author":[{"embeddable":true,"href":"https:\/\/przedszkole.zspchechlo.pl\/index.php?rest_route=\/wp\/v2\/users\/2"}],"replies":[{"embeddable":true,"href":"https:\/\/przedszkole.zspchechlo.pl\/index.php?rest_route=%2Fwp%2Fv2%2Fcomments&post=734"}],"version-history":[{"count":58,"href":"https:\/\/przedszkole.zspchechlo.pl\/index.php?rest_route=\/wp\/v2\/pages\/734\/revisions"}],"predecessor-version":[{"id":4539,"href":"https:\/\/przedszkole.zspchechlo.pl\/index.php?rest_route=\/wp\/v2\/pages\/734\/revisions\/4539"}],"wp:attachment":[{"href":"https:\/\/przedszkole.zspchechlo.pl\/index.php?rest_route=%2Fwp%2Fv2%2Fmedia&parent=734"}],"curies":[{"name":"wp","href":"https:\/\/api.w.org\/{rel}","templated":true}]}}