{"id":9,"date":"2019-02-19T13:38:24","date_gmt":"2019-02-19T13:38:24","guid":{"rendered":"http:\/\/przedszkole.zspchechlo.pl\/?page_id=9"},"modified":"2023-01-19T16:31:35","modified_gmt":"2023-01-19T16:31:35","slug":"rozklad-dnia","status":"publish","type":"page","link":"https:\/\/przedszkole.zspchechlo.pl\/?page_id=9","title":{"rendered":"Rozk\u0142ad dnia"},"content":{"rendered":"\n<p><strong>RAMOWY ROZK\u0141AD DNIA<\/strong><\/p>\n\n\n\n<p><\/p>\n\n\n\n<p><strong>7.00-8.00<\/strong> Zbi\u00f3rka dzieci. Zabawy ruchowe, zabawy konstrukcyjne, tematyczne, manipulacyjne. Swobodna dzia\u0142alno\u015b\u0107 dzieci przy niewielkim udziale nauczyciela. <\/p>\n\n\n\n<p> <br><strong>8.00-8.30<\/strong> Zabawy ze \u015bpiewem, zabawy integracyjne. Zaj\u0119cia wyr\u00f3wnawcze, indywidualne.  <br><br><\/p>\n\n\n\n<p><strong>8.30-9.00<\/strong> \u0106wiczenia poranne. Prace porz\u0105dkowo &#8211; gospodarcze, zabiegi higieniczne. <\/p>\n\n\n\n<p><strong>9.00-9.30<\/strong>\u00a0\u015aniadanie. Wdra\u017canie nawyku w\u0142a\u015bciwego zachowania si\u0119 przy stole. Zabiegi higieniczne.<\/p>\n\n\n\n<p><strong>9.30-10.30<\/strong> Zaj\u0119cia w rozwijaniu aktywno\u015bci dzieci we wszystkich obszarach, dostosowanie do sytuacji w grupie. Wdra\u017canie czynno\u015bci z zakresu kultury, zachowania si\u0119 w r\u00f3\u017cnych sytuacjach.<\/p>\n\n\n\n<p><strong>10.30-11.30<\/strong> Pobyt na \u015bwie\u017cym powietrzu i zaj\u0119cia sportowe (w tym z przyborami). Zabawy ruchowe, obserwacje przyrodnicze, spacery i wycieczki. Wdra\u017canie do poszanowania przyrody i w\u0142asno\u015bci spo\u0142ecznej.<\/p>\n\n\n\n<p><strong>11.30-12.00<\/strong> Przygotowanie do obiadu, zabiegi higieniczne. Swobodna dzia\u0142alno\u015b\u0107 dzieci przy niewielkim udziale nauczyciela.<\/p>\n\n\n\n<p><strong>12.00-12.30<\/strong> Obiad. Doskonalenie umiej\u0119tno\u015bci pos\u0142ugiwania si\u0119 sztu\u0107cami, w\u0142a\u015bciwego zachowania przy stole, utrwalanie nawyk\u00f3w higienicznych.<\/p>\n\n\n\n<p><strong>12.30-13.00<\/strong>\u00a0Utrwalanie czynno\u015bci samoobs\u0142ugowych. Zaj\u0119cia relaksacyjne (s\u0142uchanie muzyki, bajek). Zaj\u0119cia wyr\u00f3wnawcze i indywidualne.<br><br><\/p>\n\n\n\n<p><strong>13.00-13.30<\/strong>&nbsp;\u0106wiczenia dramowe, pantomimiczne. \u0106wiczenia z zakresu rozwijania mowy dzieci, koordynacji wzrokowo- ruchowej, s\u0142uchanie opowiada\u0144, wypowiedzi dzieci. Zabawy dowolne.<\/p>\n\n\n\n<p><strong>13.30-14.30<\/strong> Zabawy ruchowe w sali lub w ogrodzie. Gry i zabawy z inicjatywy dzieci. Swobodne zabawy dzieci.<\/p>\n\n\n\n<p><strong>14.00-14.30<\/strong>&nbsp;Przygotowanie do podwieczorku, zabiegi higieniczne. Swobodna dzia\u0142alno\u015b\u0107 dzieci przy niewielkim udziale nauczyciela.<br><br><\/p>\n\n\n\n<p><strong>14.30-15.00<\/strong>&nbsp;Podwieczorek. Wdra\u017canie nawyku w\u0142a\u015bciwego zachowania si\u0119 przy stole. Zabiegi higieniczne.<br><br><\/p>\n\n\n\n<p><strong>15.00 -16.00<\/strong> Gry i zabawy z inicjatywy dzieci. Tw\u00f3rcza aktywno\u015b\u0107 dzieci- zaj\u0119cia rozwijaj\u0105ce zainteresowania i uzdolnienia dzieci. Wspomaganie rozwoju ruchowego. Realizacja program\u00f3w w\u0142asnych.<\/p>\n","protected":false},"excerpt":{"rendered":"<p>RAMOWY ROZK\u0141AD DNIA 7.00-8.00 Zbi\u00f3rka dzieci. Zabawy ruchowe, zabawy konstrukcyjne, tematyczne, manipulacyjne. Swobodna dzia\u0142alno\u015b\u0107 dzieci przy niewielkim udziale nauczyciela. 8.00-8.30 Zabawy ze \u015bpiewem, zabawy integracyjne. Zaj\u0119cia wyr\u00f3wnawcze, indywidualne. 8.30-9.00 \u0106wiczenia poranne. Prace porz\u0105dkowo &#8211; gospodarcze, zabiegi higieniczne. 9.00-9.30\u00a0\u015aniadanie. Wdra\u017canie nawyku w\u0142a\u015bciwego zachowania si\u0119 przy stole. Zabiegi higieniczne. 9.30-10.30 Zaj\u0119cia w rozwijaniu aktywno\u015bci dzieci we wszystkich [&hellip;]<\/p>\n","protected":false},"author":1,"featured_media":0,"parent":0,"menu_order":0,"comment_status":"closed","ping_status":"closed","template":"","meta":{"footnotes":""},"class_list":["post-9","page","type-page","status-publish","hentry"],"_links":{"self":[{"href":"https:\/\/przedszkole.zspchechlo.pl\/index.php?rest_route=\/wp\/v2\/pages\/9"}],"collection":[{"href":"https:\/\/przedszkole.zspchechlo.pl\/index.php?rest_route=\/wp\/v2\/pages"}],"about":[{"href":"https:\/\/przedszkole.zspchechlo.pl\/index.php?rest_route=\/wp\/v2\/types\/page"}],"author":[{"embeddable":true,"href":"https:\/\/przedszkole.zspchechlo.pl\/index.php?rest_route=\/wp\/v2\/users\/1"}],"replies":[{"embeddable":true,"href":"https:\/\/przedszkole.zspchechlo.pl\/index.php?rest_route=%2Fwp%2Fv2%2Fcomments&post=9"}],"version-history":[{"count":8,"href":"https:\/\/przedszkole.zspchechlo.pl\/index.php?rest_route=\/wp\/v2\/pages\/9\/revisions"}],"predecessor-version":[{"id":2941,"href":"https:\/\/przedszkole.zspchechlo.pl\/index.php?rest_route=\/wp\/v2\/pages\/9\/revisions\/2941"}],"wp:attachment":[{"href":"https:\/\/przedszkole.zspchechlo.pl\/index.php?rest_route=%2Fwp%2Fv2%2Fmedia&parent=9"}],"curies":[{"name":"wp","href":"https:\/\/api.w.org\/{rel}","templated":true}]}}