{"id":980,"date":"2021-01-18T19:44:01","date_gmt":"2021-01-18T19:44:01","guid":{"rendered":"http:\/\/przedszkole.zspchechlo.pl\/?page_id=980"},"modified":"2025-05-08T19:32:30","modified_gmt":"2025-05-08T19:32:30","slug":"dyzur-wakacyjny","status":"publish","type":"page","link":"https:\/\/przedszkole.zspchechlo.pl\/?page_id=980","title":{"rendered":"Dy\u017cur wakacyjny"},"content":{"rendered":"\n<p><br><\/p>\n\n\n\n<p>Informujemy, i\u017c dy\u017cur wakacyjny w Przedszkolu w Chechle w roku 2025 zaplanowany jest w terminie: <strong>09.07.25 r. \u2013 16.07.25 r.<\/strong><\/p>\n\n\n\n<p><strong>Termin sk\u0142adania wniosk\u00f3w od 02.05.25 r. do 31.05.25 r. w godzinach 7.30-14.30<\/strong><\/p>\n\n\n\n<p>Po up\u0142ywie tego terminu wnioski nie b\u0119d\u0105 przyjmowane z\nuwagi na rozdysponowanie urlop\u00f3w personelu przedszkola.<\/p>\n\n\n\n<p>W za\u0142\u0105czniku znajduje si\u0119 wniosek i o\u015bwiadczenie, kt\u00f3re nale\u017cy z\u0142o\u017cy\u0107 osobi\u015bcie w sekretariacie.<\/p>\n\n\n\n<p><strong>Wniosek i o\u015bwiadczenie nale\u017cy&nbsp;ZAWSZE z\u0142o\u017cy\u0107&nbsp;&nbsp;do dyrektor\u00f3w SWOICH plac\u00f3wek nawet, je\u015bli wybierzecie Pa\u0144stwo dy\u017cur w innym przedszkolu na terenie gminy.<\/strong><\/p>\n\n\n\n<p>Dyrektorzy po weryfikacji wniosk\u00f3w prze\u015bl\u0105 je\nosobi\u015bcie do dyrektor\u00f3w&nbsp;&nbsp;plac\u00f3wek dy\u017curuj\u0105cych.<\/p>\n\n\n\n<p>O\u015aWIADCZENIE RODZIC\u00d3W\/OPIEKUN\u00d3W <\/p>\n\n\n\n<div data-wp-interactive=\"core\/file\" class=\"wp-block-file\"><object data-wp-bind--hidden=\"!state.hasPdfPreview\"  class=\"wp-block-file__embed\" data=\"https:\/\/przedszkole.zspchechlo.pl\/wp-content\/uploads\/2025\/04\/oswiadczenie-rodzicow-2025-pdf.io_-1.pdf\" type=\"application\/pdf\" style=\"width:100%;height:600px\" aria-label=\"Osadzone z o\u015bwiadczenie rodzic\u00f3w 2025 (pdf.io).\"><\/object><a id=\"wp-block-file--media-f31dc719-0d62-465d-907b-c976e750667d\" href=\"https:\/\/przedszkole.zspchechlo.pl\/wp-content\/uploads\/2025\/04\/oswiadczenie-rodzicow-2025-pdf.io_-1.pdf\">o\u015bwiadczenie rodzic\u00f3w 2025 (pdf.io)<\/a><a href=\"https:\/\/przedszkole.zspchechlo.pl\/wp-content\/uploads\/2025\/04\/oswiadczenie-rodzicow-2025-pdf.io_-1.pdf\" class=\"wp-block-file__button wp-element-button\" download aria-describedby=\"wp-block-file--media-f31dc719-0d62-465d-907b-c976e750667d\">Pobierz<\/a><\/div>\n\n\n\n<p><br><\/p>\n\n\n\n<p>wniosek o przyj\u0119cie dziecka na dy\u017cur wakacyjny<\/p>\n\n\n\n<div data-wp-interactive=\"core\/file\" class=\"wp-block-file\"><object data-wp-bind--hidden=\"!state.hasPdfPreview\"  class=\"wp-block-file__embed\" data=\"https:\/\/przedszkole.zspchechlo.pl\/wp-content\/uploads\/2025\/05\/wniosek-na-dyzur.pdf\" type=\"application\/pdf\" style=\"width:100%;height:600px\" aria-label=\"Osadzone z wniosek na dy\u017cur.\"><\/object><a id=\"wp-block-file--media-f9fa5201-f596-4c59-b9d4-15e538657734\" href=\"https:\/\/przedszkole.zspchechlo.pl\/wp-content\/uploads\/2025\/05\/wniosek-na-dyzur.pdf\">wniosek na dy\u017cur<\/a><a href=\"https:\/\/przedszkole.zspchechlo.pl\/wp-content\/uploads\/2025\/05\/wniosek-na-dyzur.pdf\" class=\"wp-block-file__button wp-element-button\" download aria-describedby=\"wp-block-file--media-f9fa5201-f596-4c59-b9d4-15e538657734\">Pobierz<\/a><\/div>\n\n\n\n<figure class=\"wp-block-image\"><img loading=\"lazy\" decoding=\"async\" width=\"718\" height=\"1024\" src=\"https:\/\/przedszkole.zspchechlo.pl\/wp-content\/uploads\/2022\/01\/obraz-3-718x1024.png\" alt=\"\" class=\"wp-image-1585\" srcset=\"https:\/\/przedszkole.zspchechlo.pl\/wp-content\/uploads\/2022\/01\/obraz-3-718x1024.png 718w, https:\/\/przedszkole.zspchechlo.pl\/wp-content\/uploads\/2022\/01\/obraz-3-210x300.png 210w, https:\/\/przedszkole.zspchechlo.pl\/wp-content\/uploads\/2022\/01\/obraz-3-768x1096.png 768w\" sizes=\"(max-width: 718px) 100vw, 718px\" \/><\/figure>\n\n\n","protected":false},"excerpt":{"rendered":"<p>Informujemy, i\u017c dy\u017cur wakacyjny w Przedszkolu w Chechle w roku 2025 zaplanowany jest w terminie: 09.07.25 r. \u2013 16.07.25 r. Termin sk\u0142adania wniosk\u00f3w od 02.05.25 r. do 31.05.25 r. w godzinach 7.30-14.30 Po up\u0142ywie tego terminu wnioski nie b\u0119d\u0105 przyjmowane z uwagi na rozdysponowanie urlop\u00f3w personelu przedszkola. W za\u0142\u0105czniku znajduje si\u0119 wniosek i o\u015bwiadczenie, kt\u00f3re [&hellip;]<\/p>\n","protected":false},"author":2,"featured_media":0,"parent":0,"menu_order":0,"comment_status":"closed","ping_status":"closed","template":"","meta":{"footnotes":""},"class_list":["post-980","page","type-page","status-publish","hentry"],"_links":{"self":[{"href":"https:\/\/przedszkole.zspchechlo.pl\/index.php?rest_route=\/wp\/v2\/pages\/980"}],"collection":[{"href":"https:\/\/przedszkole.zspchechlo.pl\/index.php?rest_route=\/wp\/v2\/pages"}],"about":[{"href":"https:\/\/przedszkole.zspchechlo.pl\/index.php?rest_route=\/wp\/v2\/types\/page"}],"author":[{"embeddable":true,"href":"https:\/\/przedszkole.zspchechlo.pl\/index.php?rest_route=\/wp\/v2\/users\/2"}],"replies":[{"embeddable":true,"href":"https:\/\/przedszkole.zspchechlo.pl\/index.php?rest_route=%2Fwp%2Fv2%2Fcomments&post=980"}],"version-history":[{"count":21,"href":"https:\/\/przedszkole.zspchechlo.pl\/index.php?rest_route=\/wp\/v2\/pages\/980\/revisions"}],"predecessor-version":[{"id":4428,"href":"https:\/\/przedszkole.zspchechlo.pl\/index.php?rest_route=\/wp\/v2\/pages\/980\/revisions\/4428"}],"wp:attachment":[{"href":"https:\/\/przedszkole.zspchechlo.pl\/index.php?rest_route=%2Fwp%2Fv2%2Fmedia&parent=980"}],"curies":[{"name":"wp","href":"https:\/\/api.w.org\/{rel}","templated":true}]}}